{"id":2225,"date":"2023-12-27T10:54:46","date_gmt":"2023-12-27T09:54:46","guid":{"rendered":"https:\/\/webtest.enxoo.com\/?page_id=2225"},"modified":"2025-11-24T15:58:17","modified_gmt":"2025-11-24T14:58:17","slug":"privacy-policy-and-tos","status":"publish","type":"page","link":"https:\/\/enxoo.com\/pl\/privacy-policy-and-tos\/","title":{"rendered":"Polityka prywatno\u015bci i warunki \u015bwiadczenia us\u0142ug"},"content":{"rendered":"<p>Niniejsza polityka dotyczy korzystania z&nbsp;<a href=\"https:\/\/enxoo.com\/pl\/\">www.enxoo.com<\/a>. Zapoznanie si\u0119 z niniejsz\u0105 informacj\u0105 o prywatno\u015bci pomo\u017ce Ci zrozumie\u0107 Twoje prawa i wybory dotycz\u0105ce prywatno\u015bci.<\/p>\n\n\n\n<p>Szanujemy Twoj\u0105 prywatno\u015b\u0107 i nie b\u0119dziemy zmusza\u0107 Ci\u0119 do akceptacji naszych warunk\u00f3w; jednak\u017ce, je\u015bli to zrobisz, b\u0119dziemy mogli zapewni\u0107 Ci lepsze do\u015bwiadczenie i oferowa\u0107 spersonalizowane us\u0142ugi. Kiedy odwiedzasz, korzystasz lub nawigujesz po naszych us\u0142ugach, mo\u017cemy przetwarza\u0107 dane osobowe w zale\u017cno\u015bci od tego, jak z nimi interagujesz, jakie wybory podejmujesz i z jakich funkcji korzystasz.&nbsp;<\/p>\n\n\n\n<p>Przetwarzamy Twoje informacje, aby zapewni\u0107, ulepsza\u0107 i administrowa\u0107 naszymi us\u0142ugami, komunikowa\u0107 si\u0119 z Tob\u0105, zapewnia\u0107 bezpiecze\u0144stwo i zapobiega\u0107 oszustwom oraz aby spe\u0142nia\u0107 wymogi prawne. Przetwarzamy Twoje informacje tylko wtedy, gdy mamy ku temu wa\u017cny pow\u00f3d prawny.<\/p>\n\n\n\n<h3 class=\"wp-block-heading\" id=\"h-what-information-do-we-collect\">Jakie informacje zbieramy?<\/h3>\n\n\n\n<h4 class=\"wp-block-heading\" id=\"h-personal-information\">Informacje osobiste<\/h4>\n\n\n\n<p>Zbieramy dane osobowe, kt\u00f3re dobrowolnie nam przekazujesz, gdy wyra\u017casz zainteresowanie uzyskaniem informacji o nas lub naszych produktach i us\u0142ugach, gdy uczestniczysz w dzia\u0142aniach na us\u0142udze lub w inny spos\u00f3b kontaktujesz si\u0119 z nami.&nbsp;<\/p>\n\n\n\n<p><strong>Zbierane przez nas dane osobowe mog\u0105 obejmowa\u0107<\/strong>:<\/p>\n\n\n\n<p><strong>1. Podstawowe informacje:<\/strong>&nbsp;imi\u0119 i nazwisko, tytu\u0142, data urodzenia, p\u0142e\u0107 i stan cywilny.<\/p>\n\n\n\n<p><strong>2. Informacje kontaktowe:<\/strong>&nbsp;adres e-mail, numer telefonu i adres zamieszkania.<\/p>\n\n\n\n<p><strong>3. Informacje techniczne<\/strong>, takie jak przegl\u0105darka internetowa i komputer, z kt\u00f3rych korzystasz, Tw\u00f3j adres IP, Twoja lokalizacja, wtyczki zainstalowane w Twojej przegl\u0105darce oraz informacje o plikach cookie na Twoim urz\u0105dzeniu. Mo\u017cemy r\u00f3wnie\u017c otrzymywa\u0107 te informacje, je\u015bli korzystasz z innych stron internetowych, kt\u00f3re u\u017cywaj\u0105 naszych plik\u00f3w cookie.<\/p>\n\n\n\n<p><strong>4. Informacje o aktywno\u015bci na stronie<\/strong>, w tym o tym, jak korzystasz z Witryny.<\/p>\n\n\n\n<p>Wszystkie dane osobowe, kt\u00f3re nam przekazujesz, musz\u0105 by\u0107 prawdziwe, kompletne i dok\u0142adne, a Ty musisz powiadomi\u0107 nas o wszelkich zmianach tych danych osobowych.<\/p>\n\n\n\n<h4 class=\"wp-block-heading\" id=\"h-we-do-not-process-sensitive-information\">NIE przetwarzamy informacji wra\u017cliwych<\/h4>\n\n\n\n<p>Informacje wra\u017cliwe to dane, kt\u00f3re musz\u0105 by\u0107 chronione przed nieautoryzowanym dost\u0119pem w celu ochrony prywatno\u015bci lub bezpiecze\u0144stwa osoby; takie informacje mog\u0105 obejmowa\u0107:<\/p>\n\n\n\n<p><strong>1. Dane osobowe ujawniaj\u0105ce pochodzenie rasowe lub etniczne,<\/strong>pogl\u0105dy polityczne, przekonania religijne lub filozoficzne<\/p>\n\n\n\n<p><strong>2. Cz\u0142onkostwo w&nbsp;<\/strong>membership<\/p>\n\n\n\n<p><strong>3. Dane genetyczne, dane biometryczne przetwarzane&nbsp;<\/strong>wy\u0142\u0105cznie w celu identyfikacji cz\u0142owieka<\/p>\n\n\n\n<p class=\"translation-block\">4. Dane <strong>dotycz\u0105ce zdrowia<\/strong><\/p>\n\n\n\n<p class=\"translation-block\"><strong>5. Dane dotycz\u0105ce \u017cycia seksualnego<\/strong> lub <strong>orientacji seksualnej osoby<\/strong><\/p>\n\n\n\n<h4 class=\"wp-block-heading\" id=\"h-data-recipients\">Odbiorcy danych<\/h4>\n\n\n\n<p>Informujemy, \u017ce dane przekazane za po\u015brednictwem formularzy na naszej stronie internetowej mog\u0105 zosta\u0107 przekazane do Salesforce, z siedzib\u0105 w Salesforce Tower, 415 Mission Street, 3rd Floor, San Francisco, CA 94105, w celu dalszego kontaktu dotycz\u0105cego wyra\u017conego przez Ciebie zainteresowania naszymi produktami lub us\u0142ugami. Przekazanie tych danych odbywa si\u0119 zgodnie z nasz\u0105 polityk\u0105 prywatno\u015bci oraz z zachowaniem standard\u00f3w bezpiecze\u0144stwa wymaganych przez Salesforce i obowi\u0105zuj\u0105cych przepis\u00f3w prawa.<\/p>\n\n\n\n<h4 class=\"wp-block-heading\" id=\"h-information-automatically-collected\">Informacje zbierane automatycznie<\/h4>\n\n\n\n<p>Automatycznie zbieramy informacje, gdy odwiedzasz, korzystasz lub nawigujesz po naszych Us\u0142ugach. Informacje te nie ujawniaj\u0105 Twojej to\u017csamo\u015bci (takiej jak imi\u0119 i nazwisko czy dane kontaktowe), ale mog\u0105 obejmowa\u0107 dane dotycz\u0105ce urz\u0105dzenia i sposobu u\u017cytkowania, takie jak adres IP, cechy przegl\u0105darki i urz\u0105dzenia, system operacyjny, preferencje j\u0119zykowe, odsy\u0142aj\u0105ce adresy URL, nazwa urz\u0105dzenia, kraj, lokalizacja oraz informacje o tym, jak i kiedy korzystasz z naszych Us\u0142ug, a tak\u017ce inne dane techniczne.&nbsp;<\/p>\n\n\n\n<p>Informacje te s\u0105 zbierane g\u0142\u00f3wnie w celu utrzymania bezpiecze\u0144stwa i prawid\u0142owego dzia\u0142ania naszych Us\u0142ug oraz do cel\u00f3w analitycznych i raportowania wewn\u0119trznego.&nbsp;<\/p>\n\n\n\n<h3 class=\"wp-block-heading\" id=\"h-processing-and-protection-of-personal-data\">Przetwarzanie i ochrona danych osobowych<\/h3>\n\n\n\n<p>1. The controller of your personal data is\u00a0Enxoo P.S.A. (\u201cController\u201d, \u201cEnxoo\u201d) with its registered office in Warsaw 02-017, Al. Jerozolimskie 123A.<\/p>\n\n\n\n<p>2. Administrator wyznaczy\u0142 Inspektora Ochrony Danych, z kt\u00f3rym mo\u017cna skontaktowa\u0107 si\u0119 pod adresem pocztowym wskazanym powy\u017cej lub pod adresem <a href=\"mailto:gdpr@enxoo.com\" target=\"_blank\" rel=\"noreferrer noopener\">gdpr@enxoo.com<\/a><\/p>\n\n\n\n<p>3. Dane osobowe s\u0105 przetwarzane na podstawie art. 6 ust. 1 lit. a, b i f RODO, tj.:<\/p>\n\n\n\n<ul class=\"wp-block-list\">\n<li>na podstawie dobrowolnie wyra\u017conej zgody, kt\u00f3r\u0105 mo\u017cesz w ka\u017cdej chwili cofn\u0105\u0107, kontaktuj\u0105c si\u0119 z Administratorem, np. je\u015bli wyrazi\u0142e\u015b zgod\u0119 na przetwarzanie danych w celach marketingowych lub w celu udzia\u0142u w procesach rekrutacyjnych;<\/li>\n\n\n\n<li>w celu podj\u0119cia dzia\u0142a\u0144 na Twoje \u017c\u0105danie w celu zawarcia umowy (przedstawienia oferty i prowadzenia negocjacji, gdy kontaktujesz si\u0119 z Administratorem, np. za po\u015brednictwem formularza kontaktowego) lub w celu wykonania umowy;<\/li>\n\n\n\n<li>w ramach uzasadnionych interes\u00f3w Administratora i stron trzecich (polegaj\u0105cych m.in. na utrzymywaniu codziennego kontaktu z osobami wyznaczonymi do kontaktu z Administratorem), chyba \u017ce te interesy s\u0105 nadrz\u0119dne wobec Twoich interes\u00f3w lub podstawowych praw i wolno\u015bci, kt\u00f3re wymagaj\u0105 ochrony danych osobowych.<\/li>\n<\/ul>\n\n\n\n<p>4. Odbiorcami Twoich danych osobowych mog\u0105 by\u0107 pracownicy i wsp\u00f3\u0142pracownicy Administratora, firmy z Grupy Enxoo powi\u0105zane kapita\u0142owo lub osobowo z Administratorem, firmy \u015bwiadcz\u0105ce us\u0142ugi na rzecz Administratora, kt\u00f3re wymagaj\u0105 dost\u0119pu do danych osobowych (w tym wsparcie IT lub dzia\u0142alno\u015b\u0107 ksi\u0119gowa) oraz klienci i partnerzy biznesowi Administratora.<\/p>\n\n\n\n<p>5. Dane osobowe b\u0119d\u0105 przetwarzane do czasu cofni\u0119cia zgody, je\u015bli jest to podstawa przetwarzania Twoich danych osobowych. W innych przypadkach dane osobowe b\u0119d\u0105 przetwarzane (w tym archiwizowane) przez Administratora przez okres wynikaj\u0105cy z przepis\u00f3w prawa lub w ramach uzasadnionych interes\u00f3w Administratora przez okres niezb\u0119dny do ustalenia, dochodzenia lub obrony przed roszczeniami, a\u017c do ich przedawnienia.&nbsp;<\/p>\n\n\n\n<p>6. Administrator nie zamierza przekazywa\u0107 danych osobowych do pa\u0144stwa trzeciego lub organizacji mi\u0119dzynarodowej. Jednak w wyj\u0105tkowych przypadkach, je\u015bli taka sytuacja wyst\u0105pi, zawsze b\u0119dzie to odbywa\u0107 si\u0119 zgodnie z zasadami i mechanizmami okre\u015blonymi w art. 44\u201349 RODO, w takim przypadku masz prawo za\u017c\u0105da\u0107 informacji o zastosowanych zabezpieczeniach.&nbsp;<\/p>\n\n\n\n<p>7. W granicach oraz na zasadach okre\u015blonych w art. 15\u201322 RODO masz prawo do:<\/p>\n\n\n\n<ul class=\"wp-block-list\">\n<li>\u017c\u0105dania dost\u0119pu do swoich danych osobowych;<\/li>\n\n\n\n<li>\u017c\u0105dania sprostowania lub uzupe\u0142nienia danych osobowych;<\/li>\n\n\n\n<li>\u017c\u0105dania usuni\u0119cia lub ograniczenia przetwarzania danych osobowych;<\/li>\n\n\n\n<li>\u017c\u0105dania przenoszenia danych osobowych;<\/li>\n\n\n\n<li>wniesienia sprzeciwu wobec przetwarzania danych osobowych, w tym ich wykorzystania do cel\u00f3w marketingowych;<\/li>\n\n\n\n<li>cofni\u0119cia zgody w dowolnym momencie, przy czym cofni\u0119cie zgody nie wp\u0142ywa na zgodno\u015b\u0107 z prawem przetwarzania dokonanego na jej podstawie przed wycofaniem;<\/li>\n\n\n\n<li>wniesienia skargi do Prezesa Urz\u0119du Ochrony Danych Osobowych.<\/li>\n<\/ul>\n\n\n\n<p>8. Twoje dane osobowe nie b\u0119d\u0105 wykorzystywane do podejmowania zautomatyzowanych decyzji, w tym profilowania.&nbsp;<\/p>\n\n\n\n<h2 class=\"wp-block-heading\" id=\"h-cookies-policy\">Polityka plik\u00f3w cookie<\/h2>\n\n\n\n<p>Pliki cookie to ma\u0142e pliki danych, kt\u00f3re s\u0105 umieszczane na Twoim urz\u0105dzeniu i pomagaj\u0105 nam odr\u00f3\u017cni\u0107 Ci\u0119 od innych u\u017cytkownik\u00f3w internetu. U\u017cywamy plik\u00f3w cookie, aby nasza strona internetowa dzia\u0142a\u0142a poprawnie i bardziej efektywnie, aby zapewni\u0107 Ci sprawne korzystanie z witryny oraz dostarcza\u0107 informacje.<\/p>\n\n\n\n<p>Przed zapisaniem na Twoim urz\u0105dzeniu plik\u00f3w cookie, kt\u00f3re nie s\u0105 niezb\u0119dne, poprosimy o Twoj\u0105 zgod\u0119. Pliki cookie, kt\u00f3re umieszczamy na Twoim urz\u0105dzeniu, wygasn\u0105 po up\u0142ywie okresu, kt\u00f3ry uznamy za niezb\u0119dny do realizacji ich celu.<\/p>\n\n\n\n<p class=\"translation-block\">Masz prawo zdecydowa\u0107, czy akceptujesz, czy odrzucasz pliki cookie. Mo\u017cesz zarz\u0105dza\u0107 swoimi preferencjami dotycz\u0105cymi plik\u00f3w cookie w <strong>Centrum Preferencji<\/strong>. Pliki cookie niezb\u0119dne do dzia\u0142ania strony nie mog\u0105 zosta\u0107 odrzucone, poniewa\u017c s\u0105 wymagane do \u015bwiadczenia us\u0142ug.<\/p>\n\n\n\n<h5 class=\"wp-block-heading\" id=\"h-essential-website-cookies\"><strong>Niezb\u0119dne pliki cookie<\/strong><\/h5>\n\n\n\n<p>Te pliki cookie s\u0105 nieodzowne do korzystania z us\u0142ug dost\u0119pnych na naszej stronie internetowej oraz umo\u017cliwiaj\u0105 korzystanie z niekt\u00f3rych jej funkcji, takich jak dost\u0119p do zabezpieczonych obszar\u00f3w.<\/p>\n\n\n\n<h5 class=\"wp-block-heading\" id=\"h-preference-cookies\"><strong>Pliki cookie preferencji<\/strong><\/h5>\n\n\n\n<p>Pliki cookie, kt\u00f3re pomagaj\u0105 nam identyfikowa\u0107 Ci\u0119, gdy korzystasz z naszej strony oraz gdy na ni\u0105 wracasz. Na przyk\u0142ad mog\u0105 one pomaga\u0107 nam zapami\u0119ta\u0107 Twoje preferencje i dostosowa\u0107 zawarto\u015b\u0107 naszej witryny do Twoich potrzeb.<\/p>\n\n\n\n<h5 class=\"wp-block-heading\" id=\"h-performance-and-functionality-cookies\"><strong>Pliki cookie dotycz\u0105ce wydajno\u015bci i funkcjonalno\u015bci<\/strong><\/h5>\n\n\n\n<p>Te pliki cookie s\u0105 wykorzystywane do zwi\u0119kszenia wydajno\u015bci i funkcjonalno\u015bci naszej strony internetowej, ale nie s\u0105 niezb\u0119dne do jej dzia\u0142ania. Jednak bez tych plik\u00f3w cookie niekt\u00f3re funkcje (np. odtwarzanie wideo) mog\u0105 sta\u0107 si\u0119 niedost\u0119pne.&nbsp;<\/p>\n\n\n\n<h5 class=\"wp-block-heading\" id=\"h-advertising-cookies\"><strong>Pliki cookie reklamowe<\/strong><\/h5>\n\n\n\n<p>Obejmuj\u0105 one pliki cookie \u015bledz\u0105ce spos\u00f3b, w jaki korzystasz z naszej strony. Mog\u0105 na przyk\u0142ad rejestrowa\u0107 odwiedzane przez Ciebie strony internetowe oraz klikane linki. Mo\u017cemy wykorzystywa\u0107 te dane do dostosowania reklam wy\u015bwietlanych Tobie. Okazjonalnie mo\u017cemy udost\u0119pnia\u0107 dane osobowe innym podmiotom w tym oraz innych celach.<\/p>\n\n\n\n<h3 class=\"wp-block-heading\" id=\"h-your-legal-rights\">Twoje prawa<\/h3>\n\n\n\n<p><strong>W skr\u00f3cie<\/strong>: W niekt\u00f3rych regionach, takich jak Europejski Obszar Gospodarczy (EOG) i Zjednoczone Kr\u00f3lestwo (UK), masz prawa, kt\u00f3re zapewniaj\u0105 Ci wi\u0119kszy dost\u0119p do Twoich danych osobowych oraz kontrol\u0119 nad nimi. Mo\u017cesz przegl\u0105da\u0107 i zmienia\u0107 informacje, kt\u00f3re nam udost\u0119pniasz.&nbsp;<\/p>\n\n\n\n<p><strong>Twoje prawa wynikaj\u0105ce z obowi\u0105zuj\u0105cych przepis\u00f3w o ochronie danych:<\/strong>&nbsp;<\/p>\n\n\n\n<p>Masz prawo do nast\u0119puj\u0105cych uprawnie\u0144 dotycz\u0105cych informacji, kt\u00f3re posiadamy na Tw\u00f3j temat:<\/p>\n\n\n\n<h5 class=\"wp-block-heading\" id=\"h-the-right-to-request-access-and-obtain-a-copy-of-your-personal-information\"><strong>Prawo dost\u0119pu i uzyskania kopii swoich danych osobowych<\/strong><\/h5>\n\n\n\n<p>Masz prawo za\u017c\u0105da\u0107 kopii danych osobowych, kt\u00f3re obecnie posiadamy na Tw\u00f3j temat. Je\u015bli chcesz skorzysta\u0107 z tego prawa lub kt\u00f3regokolwiek z poni\u017cszych praw, skontaktuj si\u0119 z nami, korzystaj\u0105c z danych kontaktowych podanych na ko\u0144cu tej polityki. Je\u015bli mieszkasz w Europie i uwa\u017casz, \u017ce nasze przetwarzanie Twoich danych osobowych jest niezgodne z prawem, masz prawo z\u0142o\u017cy\u0107 skarg\u0119 do odpowiedniego organu nadzorczego.<\/p>\n\n\n\n<h5 class=\"wp-block-heading\" id=\"h-the-right-to-request-rectification-or-erasure-nbsp\"><strong>Prawo do sprostowania lub usuni\u0119cia danych&nbsp;<\/strong><\/h5>\n\n\n\n<p>Masz prawo za\u017c\u0105da\u0107 od nas poprawienia wszelkich nie\u015bcis\u0142o\u015bci w Twoich danych osobowych. W zale\u017cno\u015bci od charakteru Twojej pro\u015bby mo\u017cemy wymaga\u0107 potwierdzenia poprawno\u015bci przekazanych nam nowych danych, jak r\u00f3wnie\u017c Twojej to\u017csamo\u015bci.<\/p>\n\n\n\n<h5 class=\"wp-block-heading\" id=\"h-the-right-to-restrict-the-processing-of-your-personal-information\"><strong>Prawo do ograniczenia przetwarzania Twoich danych osobowych<\/strong>:<\/h5>\n\n\n\n<p>Masz prawo za\u017c\u0105da\u0107 od nas zawieszenia przetwarzania Twoich danych osobowych w nast\u0119puj\u0105cych przypadkach:\n (a) je\u015bli chcesz, aby\u015bmy potwierdzili ich poprawno\u015b\u0107;\n (b) gdy nasze przetwarzanie jest niezgodne z prawem, ale nie chcesz, aby\u015bmy je usun\u0119li;\n (c) gdy nie potrzebujemy ju\u017c danych, ale s\u0105 one Ci potrzebne do ustalenia, dochodzenia lub obrony roszcze\u0144 prawnych;\n (d) je\u015bli wnios\u0142e\u015b sprzeciw wobec naszego wykorzystania Twoich danych, ale musimy zweryfikowa\u0107, czy posiadamy nadrz\u0119dne uzasadnione podstawy do ich dalszego przetwarzania.<\/p>\n\n\n\n<h5 class=\"wp-block-heading\" id=\"h-withdrawing-your-consent\"><strong>Cofni\u0119cie zgody:<\/strong><\/h5>\n\n\n\n<p>Mo\u017cesz w ka\u017cdej chwili wycofa\u0107 swoj\u0105 zgod\u0119, kontaktuj\u0105c si\u0119 z nami pod adresem&nbsp;<strong>privacy@enxoo.com<\/strong>.<\/p>\n\n\n\n<h3 class=\"wp-block-heading\" id=\"h-modification-and-interruptions\">Modyfikacje i przerwy w dzia\u0142aniu<\/h3>\n\n\n\n<p>Nie mo\u017cemy zagwarantowa\u0107, \u017ce Us\u0142ugi b\u0119d\u0105 dost\u0119pne w ka\u017cdym czasie. Mo\u017cemy napotka\u0107 problemy sprz\u0119towe, programowe lub inne, a tak\u017ce konieczno\u015b\u0107 przeprowadzenia prac konserwacyjnych zwi\u0105zanych z Us\u0142ugami, co mo\u017ce skutkowa\u0107 przerwami, op\u00f3\u017anieniami lub b\u0142\u0119dami.<\/p>\n\n\n\n<h3 class=\"wp-block-heading\" id=\"h-electronic-communication-transactions-and-signatures\">Komunikacja elektroniczna, transakcje i podpisy<\/h3>\n\n\n\n<p>Odwiedzanie Us\u0142ug, wysy\u0142anie do nas e-maili oraz wype\u0142nianie formularzy online stanowi komunikacj\u0119 elektroniczn\u0105. Wyra\u017casz zgod\u0119 na otrzymywanie komunikacji elektronicznej i akceptujesz, \u017ce wszelkie umowy, powiadomienia, ujawnienia oraz inne informacje przekazywane drog\u0105 elektroniczn\u0105, za po\u015brednictwem e-maila i Us\u0142ug, spe\u0142niaj\u0105 wszelkie wymogi prawne dotycz\u0105ce formy pisemnej. NINIEJSZYM WYRA\u017bASZ ZGOD\u0118 NA KORZYSTANIE Z PODPIS\u00d3W ELEKTRONICZNYCH, UM\u00d3W, ZAM\u00d3WIE\u0143 ORAZ INNYCH REJESTR\u00d3W ORAZ NA ELEKTRONICZN\u0104 DOSTAW\u0118 POWIADOMIE\u0143, POLITYK I REJESTR\u00d3W TRANSAKCJI INICJOWANYCH LUB REALIZOWANYCH PRZEZ NAS LUB ZA PO\u015aREDNICTWEM US\u0141UG.<\/p>\n\n\n\n<div style=\"height:100px\" aria-hidden=\"true\" class=\"wp-block-spacer\"><\/div>","protected":false},"excerpt":{"rendered":"<p>This policy applies to your use of&nbsp;www.enxoo.com.&nbsp;Reading this privacy notice will help you understand your privacy rights and choices. We respect your privacy and will not compel you to accept our terms and conditions; however, if you do, we will be able to provide you with a better experience and offer personalized services. When you [&hellip;]<\/p>\n","protected":false},"author":3,"featured_media":0,"parent":0,"menu_order":710,"comment_status":"closed","ping_status":"closed","template":"","meta":{"_acf_changed":false,"footnotes":""},"class_list":["post-2225","page","type-page","status-publish","hentry"],"blocksy_meta":{"disable_header":"no","has_hero_section":"enabled","hero_elements":[{"id":"custom_title","enabled":true,"heading_tag":"h1","title":"Home","__id":"6BSdO1nUK2sQqRg-echVX"},{"id":"custom_description","enabled":false,"description_visibility":{"desktop":true,"tablet":true,"mobile":false},"__id":"1EUMyd4WPeKYrl9cgWkd9"},{"id":"custom_meta","enabled":false,"meta_elements":[{"id":"author","enabled":true,"label":"By","has_author_avatar":"yes","avatar_size":25},{"id":"post_date","enabled":true,"label":"On","date_format_source":"default","date_format":"M j, Y"},{"id":"updated_date","enabled":false,"label":"On","date_format_source":"default","date_format":"M j, Y"},{"id":"categories","enabled":false,"label":"In","style":"simple"},{"id":"comments","enabled":true}],"page_meta_elements":{"joined":true,"articles_count":true,"comments":true},"__id":"SxESIQCe5QBns7EVHvQdT"},{"id":"breadcrumbs","enabled":false,"__id":"aga34aucgNXpIPBp4TU2u"},{"id":"content-block","enabled":false,"__id":"YLj2bzS4BpkNQAQEKwGXk"}],"styles_descriptor":{"styles":{"desktop":"[data-prefix=\"single_page\"] .entry-header .page-title {--theme-font-size:30px;} [data-prefix=\"single_page\"] .entry-header .entry-meta {--theme-font-weight:600;--theme-text-transform:uppercase;--theme-font-size:12px;--theme-line-height:1.3;}","tablet":"","mobile":""},"google_fonts":[],"version":6}},"acf":[],"yoast_head":"<!-- This site is optimized with the Yoast SEO Premium plugin v27.4 (Yoast SEO v27.4) - https:\/\/yoast.com\/product\/yoast-seo-premium-wordpress\/ -->\n<title>Privacy Policy and Terms of Service - Enxoo<\/title>\n<meta name=\"description\" content=\"Description on what data we gather, how to opt-in and where send questions in case of any. Contact Enxoo in case you have some requests\" \/>\n<meta name=\"robots\" content=\"index, follow, max-snippet:-1, max-image-preview:large, max-video-preview:-1\" \/>\n<link rel=\"canonical\" href=\"https:\/\/enxoo.com\/pl\/privacy-policy-and-tos\/\" \/>\n<meta property=\"og:locale\" content=\"pl_PL\" \/>\n<meta property=\"og:type\" content=\"article\" \/>\n<meta property=\"og:title\" content=\"Privacy Policy and Terms of Service\" \/>\n<meta property=\"og:description\" content=\"Description on what data we gather, how to opt-in and where send questions in case of any. Contact Enxoo in case you have some requests\" \/>\n<meta property=\"og:url\" content=\"https:\/\/enxoo.com\/pl\/privacy-policy-and-tos\/\" \/>\n<meta property=\"og:site_name\" content=\"Enxoo\" \/>\n<meta property=\"article:publisher\" content=\"https:\/\/www.facebook.com\/EnxooTeam\" \/>\n<meta property=\"article:modified_time\" content=\"2025-11-24T14:58:17+00:00\" \/>\n<meta name=\"twitter:card\" content=\"summary_large_image\" \/>\n<meta name=\"twitter:site\" content=\"@enxooteam\" \/>\n<meta name=\"twitter:label1\" content=\"Szacowany czas czytania\" \/>\n\t<meta name=\"twitter:data1\" content=\"8 minut\" \/>\n<script type=\"application\/ld+json\" class=\"yoast-schema-graph\">{\"@context\":\"https:\\\/\\\/schema.org\",\"@graph\":[{\"@type\":\"WebPage\",\"@id\":\"https:\\\/\\\/enxoo.com\\\/privacy-policy-and-tos\\\/\",\"url\":\"https:\\\/\\\/enxoo.com\\\/privacy-policy-and-tos\\\/\",\"name\":\"Privacy Policy and Terms of Service - Enxoo\",\"isPartOf\":{\"@id\":\"https:\\\/\\\/enxoo.com\\\/#website\"},\"datePublished\":\"2023-12-27T09:54:46+00:00\",\"dateModified\":\"2025-11-24T14:58:17+00:00\",\"description\":\"Description on what data we gather, how to opt-in and where send questions in case of any. Contact Enxoo in case you have some requests\",\"breadcrumb\":{\"@id\":\"https:\\\/\\\/enxoo.com\\\/privacy-policy-and-tos\\\/#breadcrumb\"},\"inLanguage\":\"pl-PL\",\"potentialAction\":[{\"@type\":\"ReadAction\",\"target\":[\"https:\\\/\\\/enxoo.com\\\/privacy-policy-and-tos\\\/\"]}]},{\"@type\":\"BreadcrumbList\",\"@id\":\"https:\\\/\\\/enxoo.com\\\/privacy-policy-and-tos\\\/#breadcrumb\",\"itemListElement\":[{\"@type\":\"ListItem\",\"position\":1,\"name\":\"Home\",\"item\":\"https:\\\/\\\/enxoo.com\\\/\"},{\"@type\":\"ListItem\",\"position\":2,\"name\":\"Privacy Policy and Terms of Service\"}]},{\"@type\":\"WebSite\",\"@id\":\"https:\\\/\\\/enxoo.com\\\/#website\",\"url\":\"https:\\\/\\\/enxoo.com\\\/\",\"name\":\"Enxoo - your go-to Salesforce Partner for Communications industry\",\"description\":\"Your go-to Salesforce Partner for Communications industry\",\"publisher\":{\"@id\":\"https:\\\/\\\/enxoo.com\\\/#organization\"},\"potentialAction\":[{\"@type\":\"SearchAction\",\"target\":{\"@type\":\"EntryPoint\",\"urlTemplate\":\"https:\\\/\\\/enxoo.com\\\/?s={search_term_string}\"},\"query-input\":{\"@type\":\"PropertyValueSpecification\",\"valueRequired\":true,\"valueName\":\"search_term_string\"}}],\"inLanguage\":\"pl-PL\"},{\"@type\":\"Organization\",\"@id\":\"https:\\\/\\\/enxoo.com\\\/#organization\",\"name\":\"Enxoo\",\"url\":\"https:\\\/\\\/enxoo.com\\\/\",\"logo\":{\"@type\":\"ImageObject\",\"inLanguage\":\"pl-PL\",\"@id\":\"https:\\\/\\\/enxoo.com\\\/#\\\/schema\\\/logo\\\/image\\\/\",\"url\":\"https:\\\/\\\/enxoo.com\\\/wp-content\\\/uploads\\\/2026\\\/01\\\/Enxoo-Logo.png\",\"contentUrl\":\"https:\\\/\\\/enxoo.com\\\/wp-content\\\/uploads\\\/2026\\\/01\\\/Enxoo-Logo.png\",\"width\":361,\"height\":96,\"caption\":\"Enxoo\"},\"image\":{\"@id\":\"https:\\\/\\\/enxoo.com\\\/#\\\/schema\\\/logo\\\/image\\\/\"},\"sameAs\":[\"https:\\\/\\\/www.facebook.com\\\/EnxooTeam\",\"https:\\\/\\\/x.com\\\/enxooteam\",\"https:\\\/\\\/www.linkedin.com\\\/company\\\/enxoo\\\/\"]}]}<\/script>\n<!-- \/ Yoast SEO Premium plugin. -->","yoast_head_json":{"title":"Privacy Policy and Terms of Service - Enxoo","description":"Description on what data we gather, how to opt-in and where send questions in case of any. Contact Enxoo in case you have some requests","robots":{"index":"index","follow":"follow","max-snippet":"max-snippet:-1","max-image-preview":"max-image-preview:large","max-video-preview":"max-video-preview:-1"},"canonical":"https:\/\/enxoo.com\/pl\/privacy-policy-and-tos\/","og_locale":"pl_PL","og_type":"article","og_title":"Privacy Policy and Terms of Service","og_description":"Description on what data we gather, how to opt-in and where send questions in case of any. Contact Enxoo in case you have some requests","og_url":"https:\/\/enxoo.com\/pl\/privacy-policy-and-tos\/","og_site_name":"Enxoo","article_publisher":"https:\/\/www.facebook.com\/EnxooTeam","article_modified_time":"2025-11-24T14:58:17+00:00","twitter_card":"summary_large_image","twitter_site":"@enxooteam","twitter_misc":{"Szacowany czas czytania":"8 minut"},"schema":{"@context":"https:\/\/schema.org","@graph":[{"@type":"WebPage","@id":"https:\/\/enxoo.com\/privacy-policy-and-tos\/","url":"https:\/\/enxoo.com\/privacy-policy-and-tos\/","name":"Privacy Policy and Terms of Service - Enxoo","isPartOf":{"@id":"https:\/\/enxoo.com\/#website"},"datePublished":"2023-12-27T09:54:46+00:00","dateModified":"2025-11-24T14:58:17+00:00","description":"Description on what data we gather, how to opt-in and where send questions in case of any. Contact Enxoo in case you have some requests","breadcrumb":{"@id":"https:\/\/enxoo.com\/privacy-policy-and-tos\/#breadcrumb"},"inLanguage":"pl-PL","potentialAction":[{"@type":"ReadAction","target":["https:\/\/enxoo.com\/privacy-policy-and-tos\/"]}]},{"@type":"BreadcrumbList","@id":"https:\/\/enxoo.com\/privacy-policy-and-tos\/#breadcrumb","itemListElement":[{"@type":"ListItem","position":1,"name":"Home","item":"https:\/\/enxoo.com\/"},{"@type":"ListItem","position":2,"name":"Privacy Policy and Terms of Service"}]},{"@type":"WebSite","@id":"https:\/\/enxoo.com\/#website","url":"https:\/\/enxoo.com\/","name":"Enxoo - your go-to Salesforce Partner for Communications industry","description":"Your go-to Salesforce Partner for Communications industry","publisher":{"@id":"https:\/\/enxoo.com\/#organization"},"potentialAction":[{"@type":"SearchAction","target":{"@type":"EntryPoint","urlTemplate":"https:\/\/enxoo.com\/?s={search_term_string}"},"query-input":{"@type":"PropertyValueSpecification","valueRequired":true,"valueName":"search_term_string"}}],"inLanguage":"pl-PL"},{"@type":"Organization","@id":"https:\/\/enxoo.com\/#organization","name":"Enxoo","url":"https:\/\/enxoo.com\/","logo":{"@type":"ImageObject","inLanguage":"pl-PL","@id":"https:\/\/enxoo.com\/#\/schema\/logo\/image\/","url":"https:\/\/enxoo.com\/wp-content\/uploads\/2026\/01\/Enxoo-Logo.png","contentUrl":"https:\/\/enxoo.com\/wp-content\/uploads\/2026\/01\/Enxoo-Logo.png","width":361,"height":96,"caption":"Enxoo"},"image":{"@id":"https:\/\/enxoo.com\/#\/schema\/logo\/image\/"},"sameAs":["https:\/\/www.facebook.com\/EnxooTeam","https:\/\/x.com\/enxooteam","https:\/\/www.linkedin.com\/company\/enxoo\/"]}]}},"_links":{"self":[{"href":"https:\/\/enxoo.com\/pl\/wp-json\/wp\/v2\/pages\/2225","targetHints":{"allow":["GET"]}}],"collection":[{"href":"https:\/\/enxoo.com\/pl\/wp-json\/wp\/v2\/pages"}],"about":[{"href":"https:\/\/enxoo.com\/pl\/wp-json\/wp\/v2\/types\/page"}],"author":[{"embeddable":true,"href":"https:\/\/enxoo.com\/pl\/wp-json\/wp\/v2\/users\/3"}],"replies":[{"embeddable":true,"href":"https:\/\/enxoo.com\/pl\/wp-json\/wp\/v2\/comments?post=2225"}],"version-history":[{"count":8,"href":"https:\/\/enxoo.com\/pl\/wp-json\/wp\/v2\/pages\/2225\/revisions"}],"predecessor-version":[{"id":10707,"href":"https:\/\/enxoo.com\/pl\/wp-json\/wp\/v2\/pages\/2225\/revisions\/10707"}],"wp:attachment":[{"href":"https:\/\/enxoo.com\/pl\/wp-json\/wp\/v2\/media?parent=2225"}],"curies":[{"name":"wp","href":"https:\/\/api.w.org\/{rel}","templated":true}]}}