{"id":3624,"date":"2024-01-19T10:35:06","date_gmt":"2024-01-19T09:35:06","guid":{"rendered":"https:\/\/enxoo.com\/?page_id=3624"},"modified":"2024-06-03T13:45:39","modified_gmt":"2024-06-03T11:45:39","slug":"watch-full-video","status":"publish","type":"page","link":"https:\/\/enxoo.com\/pl\/watch-full-video\/","title":{"rendered":"Watch full video"},"content":{"rendered":"<div class=\"wp-block-group alignfull is-layout-constrained wp-block-group-is-layout-constrained\">\n<div class=\"wp-block-columns hero-section is-layout-flex wp-container-core-columns-is-layout-28f84493 wp-block-columns-is-layout-flex\">\n<div class=\"wp-block-column pardot-form-column-meeting is-layout-flow wp-block-column-is-layout-flow\">\n<div style=\"height:30px\" aria-hidden=\"true\" class=\"wp-block-spacer spacer-hidden-mobile\"><\/div>\n\n\n\n<h2 class=\"wp-block-heading has-palette-color-4-color has-text-color has-link-color has-large-font-size wp-elements-eec7d5325756df87bc06994f33422728\" id=\"h-to-watch-the-full-version-of-the-video-sign-up-now-0\" style=\"margin-top:0px;margin-bottom:0px\">Aby obejrze\u0107 pe\u0142n\u0105 wersj\u0119 demo, zarejestruj si\u0119 ju\u017c teraz!<\/h2>\n\n\n\n<div style=\"height:10px\" aria-hidden=\"true\" class=\"wp-block-spacer\"><\/div>\n\n\n\n\n\n<\/p>\n\n\n\n<iframe loading=\"lazy\" src=\"https:\/\/www2.enxoo.com\/l\/327151\/2024-05-27\/7jgct5\" width=\"100%\" height=\"100%\" type=\"text\/html\" frameborder=\"0\" allowtransparency=\"true\" style=\"border: 0\" id=\"myiframe\"><\/iframe>\n\n\n<p>\n<\/div>\n\n\n\n<div class=\"wp-block-column is-layout-flow wp-block-column-is-layout-flow\">\n<div style=\"height:100px\" aria-hidden=\"true\" class=\"wp-block-spacer\"><\/div>\n\n\n\n<div class=\"wp-block-group is-vertical is-layout-flex wp-container-core-group-is-layout-57dabeec wp-block-group-is-layout-flex\" style=\"padding-right:var(--wp--preset--spacing--50);padding-left:var(--wp--preset--spacing--50)\">\n<figure class=\"wp-block-image alignleft size-full is-resized\"><img loading=\"lazy\" decoding=\"async\" width=\"1600\" height=\"1237\" src=\"https:\/\/enxoo.com\/wp-content\/uploads\/2023\/12\/enxoo-illustration-scene-get-a-demo.png\" alt=\"\" class=\"wp-image-2923\" style=\"object-fit:cover;width:537px;height:auto\" srcset=\"https:\/\/enxoo.com\/wp-content\/uploads\/2023\/12\/enxoo-illustration-scene-get-a-demo.png 1600w, https:\/\/enxoo.com\/wp-content\/uploads\/2023\/12\/enxoo-illustration-scene-get-a-demo-300x232.png 300w, https:\/\/enxoo.com\/wp-content\/uploads\/2023\/12\/enxoo-illustration-scene-get-a-demo-1024x792.png 1024w, https:\/\/enxoo.com\/wp-content\/uploads\/2023\/12\/enxoo-illustration-scene-get-a-demo-768x594.png 768w, https:\/\/enxoo.com\/wp-content\/uploads\/2023\/12\/enxoo-illustration-scene-get-a-demo-1536x1188.png 1536w\" sizes=\"auto, (max-width: 1600px) 100vw, 1600px\" \/><\/figure>\n<\/div>\n\n\n\n<div style=\"height:100px\" aria-hidden=\"true\" class=\"wp-block-spacer spacer-hidden-mobile\"><\/div>\n<\/div>\n<\/div>\n<\/div>\n\n\n\n<div style=\"height:50px\" aria-hidden=\"true\" class=\"wp-block-spacer\"><\/div>","protected":false},"excerpt":{"rendered":"<p>Aby obejrze\u0107 pe\u0142n\u0105 wersj\u0119 demo, zarejestruj si\u0119 ju\u017c teraz!<\/p>","protected":false},"author":8,"featured_media":0,"parent":0,"menu_order":0,"comment_status":"closed","ping_status":"closed","template":"","meta":{"_acf_changed":false,"footnotes":""},"class_list":["post-3624","page","type-page","status-publish","hentry"],"blocksy_meta":[],"acf":[],"yoast_head":"<!-- This site is optimized with the Yoast SEO Premium plugin v27.4 (Yoast SEO v27.4) - https:\/\/yoast.com\/product\/yoast-seo-premium-wordpress\/ -->\n<title>Watch full video - Enxoo<\/title>\n<meta name=\"description\" content=\"Watch the full video and Subscribe to our newsletter to receive more information from Enxoo\" \/>\n<meta name=\"robots\" content=\"index, follow, max-snippet:-1, max-image-preview:large, max-video-preview:-1\" \/>\n<link rel=\"canonical\" href=\"https:\/\/enxoo.com\/pl\/watch-full-video\/\" \/>\n<meta property=\"og:locale\" content=\"pl_PL\" \/>\n<meta property=\"og:type\" content=\"article\" \/>\n<meta property=\"og:title\" content=\"Watch full video\" \/>\n<meta property=\"og:description\" content=\"Watch the full video and Subscribe to our newsletter to receive more information from Enxoo\" \/>\n<meta property=\"og:url\" content=\"https:\/\/enxoo.com\/pl\/watch-full-video\/\" \/>\n<meta property=\"og:site_name\" content=\"Enxoo\" \/>\n<meta property=\"article:publisher\" content=\"https:\/\/www.facebook.com\/EnxooTeam\" \/>\n<meta property=\"article:modified_time\" content=\"2024-06-03T11:45:39+00:00\" \/>\n<meta property=\"og:image\" content=\"https:\/\/enxoo.com\/wp-content\/uploads\/2023\/12\/enxoo-illustration-scene-get-a-demo.png\" \/>\n<meta name=\"twitter:card\" content=\"summary_large_image\" \/>\n<meta name=\"twitter:site\" content=\"@enxooteam\" \/>\n<meta name=\"twitter:label1\" content=\"Szacowany czas czytania\" \/>\n\t<meta name=\"twitter:data1\" content=\"1 minuta\" \/>\n<script type=\"application\/ld+json\" class=\"yoast-schema-graph\">{\"@context\":\"https:\\\/\\\/schema.org\",\"@graph\":[{\"@type\":\"WebPage\",\"@id\":\"https:\\\/\\\/enxoo.com\\\/watch-full-video\\\/\",\"url\":\"https:\\\/\\\/enxoo.com\\\/watch-full-video\\\/\",\"name\":\"Watch full video - Enxoo\",\"isPartOf\":{\"@id\":\"https:\\\/\\\/enxoo.com\\\/#website\"},\"primaryImageOfPage\":{\"@id\":\"https:\\\/\\\/enxoo.com\\\/watch-full-video\\\/#primaryimage\"},\"image\":{\"@id\":\"https:\\\/\\\/enxoo.com\\\/watch-full-video\\\/#primaryimage\"},\"thumbnailUrl\":\"https:\\\/\\\/enxoo.com\\\/wp-content\\\/uploads\\\/2023\\\/12\\\/enxoo-illustration-scene-get-a-demo.png\",\"datePublished\":\"2024-01-19T09:35:06+00:00\",\"dateModified\":\"2024-06-03T11:45:39+00:00\",\"description\":\"Watch the full video and Subscribe to our newsletter to receive more information from Enxoo\",\"breadcrumb\":{\"@id\":\"https:\\\/\\\/enxoo.com\\\/watch-full-video\\\/#breadcrumb\"},\"inLanguage\":\"pl-PL\",\"potentialAction\":[{\"@type\":\"ReadAction\",\"target\":[\"https:\\\/\\\/enxoo.com\\\/watch-full-video\\\/\"]}]},{\"@type\":\"ImageObject\",\"inLanguage\":\"pl-PL\",\"@id\":\"https:\\\/\\\/enxoo.com\\\/watch-full-video\\\/#primaryimage\",\"url\":\"https:\\\/\\\/enxoo.com\\\/wp-content\\\/uploads\\\/2023\\\/12\\\/enxoo-illustration-scene-get-a-demo.png\",\"contentUrl\":\"https:\\\/\\\/enxoo.com\\\/wp-content\\\/uploads\\\/2023\\\/12\\\/enxoo-illustration-scene-get-a-demo.png\"},{\"@type\":\"BreadcrumbList\",\"@id\":\"https:\\\/\\\/enxoo.com\\\/watch-full-video\\\/#breadcrumb\",\"itemListElement\":[{\"@type\":\"ListItem\",\"position\":1,\"name\":\"Home\",\"item\":\"https:\\\/\\\/enxoo.com\\\/\"},{\"@type\":\"ListItem\",\"position\":2,\"name\":\"Watch full video\"}]},{\"@type\":\"WebSite\",\"@id\":\"https:\\\/\\\/enxoo.com\\\/#website\",\"url\":\"https:\\\/\\\/enxoo.com\\\/\",\"name\":\"Enxoo - your go-to Salesforce Partner for Communications industry\",\"description\":\"Your go-to Salesforce Partner for Communications industry\",\"publisher\":{\"@id\":\"https:\\\/\\\/enxoo.com\\\/#organization\"},\"potentialAction\":[{\"@type\":\"SearchAction\",\"target\":{\"@type\":\"EntryPoint\",\"urlTemplate\":\"https:\\\/\\\/enxoo.com\\\/?s={search_term_string}\"},\"query-input\":{\"@type\":\"PropertyValueSpecification\",\"valueRequired\":true,\"valueName\":\"search_term_string\"}}],\"inLanguage\":\"pl-PL\"},{\"@type\":\"Organization\",\"@id\":\"https:\\\/\\\/enxoo.com\\\/#organization\",\"name\":\"Enxoo\",\"url\":\"https:\\\/\\\/enxoo.com\\\/\",\"logo\":{\"@type\":\"ImageObject\",\"inLanguage\":\"pl-PL\",\"@id\":\"https:\\\/\\\/enxoo.com\\\/#\\\/schema\\\/logo\\\/image\\\/\",\"url\":\"https:\\\/\\\/enxoo.com\\\/wp-content\\\/uploads\\\/2026\\\/01\\\/Enxoo-Logo.png\",\"contentUrl\":\"https:\\\/\\\/enxoo.com\\\/wp-content\\\/uploads\\\/2026\\\/01\\\/Enxoo-Logo.png\",\"width\":361,\"height\":96,\"caption\":\"Enxoo\"},\"image\":{\"@id\":\"https:\\\/\\\/enxoo.com\\\/#\\\/schema\\\/logo\\\/image\\\/\"},\"sameAs\":[\"https:\\\/\\\/www.facebook.com\\\/EnxooTeam\",\"https:\\\/\\\/x.com\\\/enxooteam\",\"https:\\\/\\\/www.linkedin.com\\\/company\\\/enxoo\\\/\"]}]}<\/script>\n<!-- \/ Yoast SEO Premium plugin. -->","yoast_head_json":{"title":"Watch full video - Enxoo","description":"Watch the full video and Subscribe to our newsletter to receive more information from Enxoo","robots":{"index":"index","follow":"follow","max-snippet":"max-snippet:-1","max-image-preview":"max-image-preview:large","max-video-preview":"max-video-preview:-1"},"canonical":"https:\/\/enxoo.com\/pl\/watch-full-video\/","og_locale":"pl_PL","og_type":"article","og_title":"Watch full video","og_description":"Watch the full video and Subscribe to our newsletter to receive more information from Enxoo","og_url":"https:\/\/enxoo.com\/pl\/watch-full-video\/","og_site_name":"Enxoo","article_publisher":"https:\/\/www.facebook.com\/EnxooTeam","article_modified_time":"2024-06-03T11:45:39+00:00","og_image":[{"url":"https:\/\/enxoo.com\/wp-content\/uploads\/2023\/12\/enxoo-illustration-scene-get-a-demo.png","type":"","width":"","height":""}],"twitter_card":"summary_large_image","twitter_site":"@enxooteam","twitter_misc":{"Szacowany czas czytania":"1 minuta"},"schema":{"@context":"https:\/\/schema.org","@graph":[{"@type":"WebPage","@id":"https:\/\/enxoo.com\/watch-full-video\/","url":"https:\/\/enxoo.com\/watch-full-video\/","name":"Watch full video - Enxoo","isPartOf":{"@id":"https:\/\/enxoo.com\/#website"},"primaryImageOfPage":{"@id":"https:\/\/enxoo.com\/watch-full-video\/#primaryimage"},"image":{"@id":"https:\/\/enxoo.com\/watch-full-video\/#primaryimage"},"thumbnailUrl":"https:\/\/enxoo.com\/wp-content\/uploads\/2023\/12\/enxoo-illustration-scene-get-a-demo.png","datePublished":"2024-01-19T09:35:06+00:00","dateModified":"2024-06-03T11:45:39+00:00","description":"Watch the full video and Subscribe to our newsletter to receive more information from Enxoo","breadcrumb":{"@id":"https:\/\/enxoo.com\/watch-full-video\/#breadcrumb"},"inLanguage":"pl-PL","potentialAction":[{"@type":"ReadAction","target":["https:\/\/enxoo.com\/watch-full-video\/"]}]},{"@type":"ImageObject","inLanguage":"pl-PL","@id":"https:\/\/enxoo.com\/watch-full-video\/#primaryimage","url":"https:\/\/enxoo.com\/wp-content\/uploads\/2023\/12\/enxoo-illustration-scene-get-a-demo.png","contentUrl":"https:\/\/enxoo.com\/wp-content\/uploads\/2023\/12\/enxoo-illustration-scene-get-a-demo.png"},{"@type":"BreadcrumbList","@id":"https:\/\/enxoo.com\/watch-full-video\/#breadcrumb","itemListElement":[{"@type":"ListItem","position":1,"name":"Home","item":"https:\/\/enxoo.com\/"},{"@type":"ListItem","position":2,"name":"Watch full video"}]},{"@type":"WebSite","@id":"https:\/\/enxoo.com\/#website","url":"https:\/\/enxoo.com\/","name":"Enxoo - your go-to Salesforce Partner for Communications industry","description":"Your go-to Salesforce Partner for Communications industry","publisher":{"@id":"https:\/\/enxoo.com\/#organization"},"potentialAction":[{"@type":"SearchAction","target":{"@type":"EntryPoint","urlTemplate":"https:\/\/enxoo.com\/?s={search_term_string}"},"query-input":{"@type":"PropertyValueSpecification","valueRequired":true,"valueName":"search_term_string"}}],"inLanguage":"pl-PL"},{"@type":"Organization","@id":"https:\/\/enxoo.com\/#organization","name":"Enxoo","url":"https:\/\/enxoo.com\/","logo":{"@type":"ImageObject","inLanguage":"pl-PL","@id":"https:\/\/enxoo.com\/#\/schema\/logo\/image\/","url":"https:\/\/enxoo.com\/wp-content\/uploads\/2026\/01\/Enxoo-Logo.png","contentUrl":"https:\/\/enxoo.com\/wp-content\/uploads\/2026\/01\/Enxoo-Logo.png","width":361,"height":96,"caption":"Enxoo"},"image":{"@id":"https:\/\/enxoo.com\/#\/schema\/logo\/image\/"},"sameAs":["https:\/\/www.facebook.com\/EnxooTeam","https:\/\/x.com\/enxooteam","https:\/\/www.linkedin.com\/company\/enxoo\/"]}]}},"_links":{"self":[{"href":"https:\/\/enxoo.com\/pl\/wp-json\/wp\/v2\/pages\/3624","targetHints":{"allow":["GET"]}}],"collection":[{"href":"https:\/\/enxoo.com\/pl\/wp-json\/wp\/v2\/pages"}],"about":[{"href":"https:\/\/enxoo.com\/pl\/wp-json\/wp\/v2\/types\/page"}],"author":[{"embeddable":true,"href":"https:\/\/enxoo.com\/pl\/wp-json\/wp\/v2\/users\/8"}],"replies":[{"embeddable":true,"href":"https:\/\/enxoo.com\/pl\/wp-json\/wp\/v2\/comments?post=3624"}],"version-history":[{"count":7,"href":"https:\/\/enxoo.com\/pl\/wp-json\/wp\/v2\/pages\/3624\/revisions"}],"predecessor-version":[{"id":5779,"href":"https:\/\/enxoo.com\/pl\/wp-json\/wp\/v2\/pages\/3624\/revisions\/5779"}],"wp:attachment":[{"href":"https:\/\/enxoo.com\/pl\/wp-json\/wp\/v2\/media?parent=3624"}],"curies":[{"name":"wp","href":"https:\/\/api.w.org\/{rel}","templated":true}]}}