{"id":5314,"date":"2024-04-22T15:51:49","date_gmt":"2024-04-22T13:51:49","guid":{"rendered":"https:\/\/enxoo.com\/?page_id=5314"},"modified":"2025-08-19T11:36:59","modified_gmt":"2025-08-19T09:36:59","slug":"thank-you-page","status":"publish","type":"page","link":"https:\/\/enxoo.com\/pl\/thank-you-page\/","title":{"rendered":"Thank You Page"},"content":{"rendered":"<div class=\"wp-block-group alignfull has-background is-layout-constrained wp-block-group-is-layout-constrained\" style=\"background-color:#128436\">\n<div class=\"wp-block-columns is-layout-flex wp-container-core-columns-is-layout-28f84493 wp-block-columns-is-layout-flex\">\n<div class=\"wp-block-column is-layout-flow wp-block-column-is-layout-flow\" style=\"flex-basis:66.66%\">\n<div class=\"wp-block-group is-vertical is-layout-flex wp-container-core-group-is-layout-fe9cc265 wp-block-group-is-layout-flex\">\n<div style=\"height:0px\" aria-hidden=\"true\" class=\"wp-block-spacer wp-container-content-62aae154\"><\/div>\n\n\n\n<h2 class=\"wp-block-heading has-palette-color-7-color has-text-color has-link-color wp-elements-01456820109189c1ad91b3a642da8fe7\" id=\"h-allright-now-check-your-mailbox\"><strong>\u015awietnie, teraz sprawd\u017a swoj\u0105 skrzynk\u0119 pocztow\u0105! \u2709\ufe0f<\/strong><\/h2>\n<\/div>\n\n\n\n<p class=\"has-palette-color-7-color has-text-color has-link-color has-medium-font-size wp-elements-c33d21d5c038887feea4d7d3686320db\">Link do wybranego materia\u0142u zosta\u0142 wys\u0142any na Tw\u00f3j adres e-mail.<\/p>\n\n\n\n<p class=\"has-palette-color-7-color has-text-color has-link-color has-medium-font-size wp-elements-9465a90af36fc79859b2932eb2b6d8f6\"><strong>Dzi\u0119kujemy za zainteresowanie Enxoo.<\/strong><br><strong>Zapraszamy do odkrywania warto\u015bciowych materia\u0142\u00f3w od naszych ekspert\u00f3w!<\/strong><\/p>\n\n\n\n<div class=\"wp-block-columns is-layout-flex wp-container-core-columns-is-layout-28f84493 wp-block-columns-is-layout-flex\">\n<div class=\"wp-block-column is-layout-flow wp-block-column-is-layout-flow\">\n<div class=\"wp-block-buttons is-content-justification-left is-layout-flex wp-container-core-buttons-is-layout-fc4fd283 wp-block-buttons-is-layout-flex\">\n<div class=\"wp-block-button has-custom-width wp-block-button__width-100 is-style-outline is-style-outline--1\"><a class=\"wp-block-button__link has-black-color has-palette-color-3-background-color has-text-color has-background has-link-color has-border-color has-palette-color-3-border-color wp-element-button\" href=\"https:\/\/enxoo.com\/pl\/insights\/ebooks-guides\/\" style=\"border-width:2px;border-radius:6px\"><strong>ODKRYJ NASZE EBOOKI &amp; PRZEWODNIKI<\/strong><strong style=\"font-family: var(--theme-button-font-family, var(--theme-font-family)); font-size: var(--theme-button-font-size); font-style: var(--theme-button-font-style); letter-spacing: var(--theme-button-letter-spacing); text-transform: var(--theme-button-text-transform); display: inline !important;\"><\/strong><\/a><\/div>\n<\/div>\n<\/div>\n\n\n\n<div class=\"wp-block-column is-layout-flow wp-block-column-is-layout-flow\"><\/div>\n<\/div>\n\n\n\n<div style=\"height:50px\" aria-hidden=\"true\" class=\"wp-block-spacer\"><\/div>\n<\/div>\n\n\n\n<div class=\"wp-block-column is-layout-flow wp-block-column-is-layout-flow\"><\/div>\n\n\n\n<div class=\"wp-block-column is-layout-flow wp-block-column-is-layout-flow\" style=\"flex-basis:33.33%\">\n<figure class=\"wp-block-image size-full\"><img loading=\"lazy\" decoding=\"async\" width=\"1024\" height=\"925\" src=\"https:\/\/enxoo.com\/wp-content\/uploads\/2024\/04\/enxoo-graphic-man-with-a-laptop.png\" alt=\"\" class=\"wp-image-5318\" srcset=\"https:\/\/enxoo.com\/wp-content\/uploads\/2024\/04\/enxoo-graphic-man-with-a-laptop.png 1024w, https:\/\/enxoo.com\/wp-content\/uploads\/2024\/04\/enxoo-graphic-man-with-a-laptop-300x271.png 300w, https:\/\/enxoo.com\/wp-content\/uploads\/2024\/04\/enxoo-graphic-man-with-a-laptop-768x694.png 768w, https:\/\/enxoo.com\/wp-content\/uploads\/2024\/04\/enxoo-graphic-man-with-a-laptop-13x12.png 13w\" sizes=\"auto, (max-width: 1024px) 100vw, 1024px\" \/><\/figure>\n<\/div>\n<\/div>\n<\/div>\n\n\n\n<script type=\"text\/javascript\">\n  if (typeof window.lintrk === \"function\") {\n    window.lintrk('track', { conversion_id: 23209697 });\n  } else {\n    \/\/ Retry after a short delay in case the script is still loading\n    setTimeout(function() {\n      if (typeof window.lintrk === \"function\") {\n        window.lintrk('track', { conversion_id: 23209697 });\n      }\n    }, 500);\n  }\n<\/script>","protected":false},"excerpt":{"rendered":"<p>Allright, now check your mailbox \u2709\ufe0f! The link to the requested material has been sent to your e-mail address. Thank you for your interest in Enxoo.Feel free to discover more of our expert materials!<\/p>","protected":false},"author":8,"featured_media":0,"parent":0,"menu_order":0,"comment_status":"closed","ping_status":"closed","template":"","meta":{"_acf_changed":false,"footnotes":""},"class_list":["post-5314","page","type-page","status-publish","hentry"],"blocksy_meta":[],"acf":[],"yoast_head":"<!-- This site is optimized with the Yoast SEO Premium plugin v27.4 (Yoast SEO v27.4) - https:\/\/yoast.com\/product\/yoast-seo-premium-wordpress\/ -->\n<title>Thank You Page - Enxoo<\/title>\n<meta name=\"robots\" content=\"index, follow, max-snippet:-1, max-image-preview:large, max-video-preview:-1\" \/>\n<link rel=\"canonical\" href=\"https:\/\/enxoo.com\/pl\/thank-you-page\/\" \/>\n<meta property=\"og:locale\" content=\"pl_PL\" \/>\n<meta property=\"og:type\" content=\"article\" \/>\n<meta property=\"og:title\" content=\"Thank You Page\" \/>\n<meta property=\"og:description\" content=\"Allright, now check your mailbox \u2709\ufe0f! The link to the requested material has been sent to your e-mail address. Thank you for your interest in Enxoo.Feel free to discover more of our expert materials!\" \/>\n<meta property=\"og:url\" content=\"https:\/\/enxoo.com\/pl\/thank-you-page\/\" \/>\n<meta property=\"og:site_name\" content=\"Enxoo\" \/>\n<meta property=\"article:publisher\" content=\"https:\/\/www.facebook.com\/EnxooTeam\" \/>\n<meta property=\"article:modified_time\" content=\"2025-08-19T09:36:59+00:00\" \/>\n<meta property=\"og:image\" content=\"https:\/\/enxoo.com\/wp-content\/uploads\/2024\/04\/enxoo-graphic-man-with-a-laptop.png\" \/>\n\t<meta property=\"og:image:width\" content=\"1024\" \/>\n\t<meta property=\"og:image:height\" content=\"925\" \/>\n\t<meta property=\"og:image:type\" content=\"image\/png\" \/>\n<meta name=\"twitter:card\" content=\"summary_large_image\" \/>\n<meta name=\"twitter:site\" content=\"@enxooteam\" \/>\n<meta name=\"twitter:label1\" content=\"Szacowany czas czytania\" \/>\n\t<meta name=\"twitter:data1\" content=\"1 minuta\" \/>\n<script type=\"application\/ld+json\" class=\"yoast-schema-graph\">{\"@context\":\"https:\\\/\\\/schema.org\",\"@graph\":[{\"@type\":\"WebPage\",\"@id\":\"https:\\\/\\\/enxoo.com\\\/thank-you-page\\\/\",\"url\":\"https:\\\/\\\/enxoo.com\\\/thank-you-page\\\/\",\"name\":\"Thank You Page - Enxoo\",\"isPartOf\":{\"@id\":\"https:\\\/\\\/enxoo.com\\\/#website\"},\"primaryImageOfPage\":{\"@id\":\"https:\\\/\\\/enxoo.com\\\/thank-you-page\\\/#primaryimage\"},\"image\":{\"@id\":\"https:\\\/\\\/enxoo.com\\\/thank-you-page\\\/#primaryimage\"},\"thumbnailUrl\":\"https:\\\/\\\/enxoo.com\\\/wp-content\\\/uploads\\\/2024\\\/04\\\/enxoo-graphic-man-with-a-laptop.png\",\"datePublished\":\"2024-04-22T13:51:49+00:00\",\"dateModified\":\"2025-08-19T09:36:59+00:00\",\"breadcrumb\":{\"@id\":\"https:\\\/\\\/enxoo.com\\\/thank-you-page\\\/#breadcrumb\"},\"inLanguage\":\"pl-PL\",\"potentialAction\":[{\"@type\":\"ReadAction\",\"target\":[\"https:\\\/\\\/enxoo.com\\\/thank-you-page\\\/\"]}]},{\"@type\":\"ImageObject\",\"inLanguage\":\"pl-PL\",\"@id\":\"https:\\\/\\\/enxoo.com\\\/thank-you-page\\\/#primaryimage\",\"url\":\"https:\\\/\\\/enxoo.com\\\/wp-content\\\/uploads\\\/2024\\\/04\\\/enxoo-graphic-man-with-a-laptop.png\",\"contentUrl\":\"https:\\\/\\\/enxoo.com\\\/wp-content\\\/uploads\\\/2024\\\/04\\\/enxoo-graphic-man-with-a-laptop.png\"},{\"@type\":\"BreadcrumbList\",\"@id\":\"https:\\\/\\\/enxoo.com\\\/thank-you-page\\\/#breadcrumb\",\"itemListElement\":[{\"@type\":\"ListItem\",\"position\":1,\"name\":\"Home\",\"item\":\"https:\\\/\\\/enxoo.com\\\/\"},{\"@type\":\"ListItem\",\"position\":2,\"name\":\"Thank You Page\"}]},{\"@type\":\"WebSite\",\"@id\":\"https:\\\/\\\/enxoo.com\\\/#website\",\"url\":\"https:\\\/\\\/enxoo.com\\\/\",\"name\":\"Enxoo - your go-to Salesforce Partner for Communications industry\",\"description\":\"Your go-to Salesforce Partner for Communications industry\",\"publisher\":{\"@id\":\"https:\\\/\\\/enxoo.com\\\/#organization\"},\"potentialAction\":[{\"@type\":\"SearchAction\",\"target\":{\"@type\":\"EntryPoint\",\"urlTemplate\":\"https:\\\/\\\/enxoo.com\\\/?s={search_term_string}\"},\"query-input\":{\"@type\":\"PropertyValueSpecification\",\"valueRequired\":true,\"valueName\":\"search_term_string\"}}],\"inLanguage\":\"pl-PL\"},{\"@type\":\"Organization\",\"@id\":\"https:\\\/\\\/enxoo.com\\\/#organization\",\"name\":\"Enxoo\",\"url\":\"https:\\\/\\\/enxoo.com\\\/\",\"logo\":{\"@type\":\"ImageObject\",\"inLanguage\":\"pl-PL\",\"@id\":\"https:\\\/\\\/enxoo.com\\\/#\\\/schema\\\/logo\\\/image\\\/\",\"url\":\"https:\\\/\\\/enxoo.com\\\/wp-content\\\/uploads\\\/2026\\\/01\\\/Enxoo-Logo.png\",\"contentUrl\":\"https:\\\/\\\/enxoo.com\\\/wp-content\\\/uploads\\\/2026\\\/01\\\/Enxoo-Logo.png\",\"width\":361,\"height\":96,\"caption\":\"Enxoo\"},\"image\":{\"@id\":\"https:\\\/\\\/enxoo.com\\\/#\\\/schema\\\/logo\\\/image\\\/\"},\"sameAs\":[\"https:\\\/\\\/www.facebook.com\\\/EnxooTeam\",\"https:\\\/\\\/x.com\\\/enxooteam\",\"https:\\\/\\\/www.linkedin.com\\\/company\\\/enxoo\\\/\"]}]}<\/script>\n<!-- \/ Yoast SEO Premium plugin. -->","yoast_head_json":{"title":"Thank You Page - Enxoo","robots":{"index":"index","follow":"follow","max-snippet":"max-snippet:-1","max-image-preview":"max-image-preview:large","max-video-preview":"max-video-preview:-1"},"canonical":"https:\/\/enxoo.com\/pl\/thank-you-page\/","og_locale":"pl_PL","og_type":"article","og_title":"Thank You Page","og_description":"Allright, now check your mailbox \u2709\ufe0f! The link to the requested material has been sent to your e-mail address. Thank you for your interest in Enxoo.Feel free to discover more of our expert materials!","og_url":"https:\/\/enxoo.com\/pl\/thank-you-page\/","og_site_name":"Enxoo","article_publisher":"https:\/\/www.facebook.com\/EnxooTeam","article_modified_time":"2025-08-19T09:36:59+00:00","og_image":[{"width":1024,"height":925,"url":"https:\/\/enxoo.com\/wp-content\/uploads\/2024\/04\/enxoo-graphic-man-with-a-laptop.png","type":"image\/png"}],"twitter_card":"summary_large_image","twitter_site":"@enxooteam","twitter_misc":{"Szacowany czas czytania":"1 minuta"},"schema":{"@context":"https:\/\/schema.org","@graph":[{"@type":"WebPage","@id":"https:\/\/enxoo.com\/thank-you-page\/","url":"https:\/\/enxoo.com\/thank-you-page\/","name":"Thank You Page - Enxoo","isPartOf":{"@id":"https:\/\/enxoo.com\/#website"},"primaryImageOfPage":{"@id":"https:\/\/enxoo.com\/thank-you-page\/#primaryimage"},"image":{"@id":"https:\/\/enxoo.com\/thank-you-page\/#primaryimage"},"thumbnailUrl":"https:\/\/enxoo.com\/wp-content\/uploads\/2024\/04\/enxoo-graphic-man-with-a-laptop.png","datePublished":"2024-04-22T13:51:49+00:00","dateModified":"2025-08-19T09:36:59+00:00","breadcrumb":{"@id":"https:\/\/enxoo.com\/thank-you-page\/#breadcrumb"},"inLanguage":"pl-PL","potentialAction":[{"@type":"ReadAction","target":["https:\/\/enxoo.com\/thank-you-page\/"]}]},{"@type":"ImageObject","inLanguage":"pl-PL","@id":"https:\/\/enxoo.com\/thank-you-page\/#primaryimage","url":"https:\/\/enxoo.com\/wp-content\/uploads\/2024\/04\/enxoo-graphic-man-with-a-laptop.png","contentUrl":"https:\/\/enxoo.com\/wp-content\/uploads\/2024\/04\/enxoo-graphic-man-with-a-laptop.png"},{"@type":"BreadcrumbList","@id":"https:\/\/enxoo.com\/thank-you-page\/#breadcrumb","itemListElement":[{"@type":"ListItem","position":1,"name":"Home","item":"https:\/\/enxoo.com\/"},{"@type":"ListItem","position":2,"name":"Thank You Page"}]},{"@type":"WebSite","@id":"https:\/\/enxoo.com\/#website","url":"https:\/\/enxoo.com\/","name":"Enxoo - your go-to Salesforce Partner for Communications industry","description":"Your go-to Salesforce Partner for Communications industry","publisher":{"@id":"https:\/\/enxoo.com\/#organization"},"potentialAction":[{"@type":"SearchAction","target":{"@type":"EntryPoint","urlTemplate":"https:\/\/enxoo.com\/?s={search_term_string}"},"query-input":{"@type":"PropertyValueSpecification","valueRequired":true,"valueName":"search_term_string"}}],"inLanguage":"pl-PL"},{"@type":"Organization","@id":"https:\/\/enxoo.com\/#organization","name":"Enxoo","url":"https:\/\/enxoo.com\/","logo":{"@type":"ImageObject","inLanguage":"pl-PL","@id":"https:\/\/enxoo.com\/#\/schema\/logo\/image\/","url":"https:\/\/enxoo.com\/wp-content\/uploads\/2026\/01\/Enxoo-Logo.png","contentUrl":"https:\/\/enxoo.com\/wp-content\/uploads\/2026\/01\/Enxoo-Logo.png","width":361,"height":96,"caption":"Enxoo"},"image":{"@id":"https:\/\/enxoo.com\/#\/schema\/logo\/image\/"},"sameAs":["https:\/\/www.facebook.com\/EnxooTeam","https:\/\/x.com\/enxooteam","https:\/\/www.linkedin.com\/company\/enxoo\/"]}]}},"_links":{"self":[{"href":"https:\/\/enxoo.com\/pl\/wp-json\/wp\/v2\/pages\/5314","targetHints":{"allow":["GET"]}}],"collection":[{"href":"https:\/\/enxoo.com\/pl\/wp-json\/wp\/v2\/pages"}],"about":[{"href":"https:\/\/enxoo.com\/pl\/wp-json\/wp\/v2\/types\/page"}],"author":[{"embeddable":true,"href":"https:\/\/enxoo.com\/pl\/wp-json\/wp\/v2\/users\/8"}],"replies":[{"embeddable":true,"href":"https:\/\/enxoo.com\/pl\/wp-json\/wp\/v2\/comments?post=5314"}],"version-history":[{"count":10,"href":"https:\/\/enxoo.com\/pl\/wp-json\/wp\/v2\/pages\/5314\/revisions"}],"predecessor-version":[{"id":10364,"href":"https:\/\/enxoo.com\/pl\/wp-json\/wp\/v2\/pages\/5314\/revisions\/10364"}],"wp:attachment":[{"href":"https:\/\/enxoo.com\/pl\/wp-json\/wp\/v2\/media?parent=5314"}],"curies":[{"name":"wp","href":"https:\/\/api.w.org\/{rel}","templated":true}]}}