{"id":5668,"date":"2024-05-28T08:52:54","date_gmt":"2024-05-28T06:52:54","guid":{"rendered":"https:\/\/enxoo.com\/?page_id=5668"},"modified":"2024-05-28T08:52:54","modified_gmt":"2024-05-28T06:52:54","slug":"gotobrand","status":"publish","type":"page","link":"https:\/\/enxoo.com\/pl\/gotobrand\/","title":{"rendered":"GoToBrand"},"content":{"rendered":"<div class=\"wp-block-group is-layout-constrained wp-block-group-is-layout-constrained\">\n<div style=\"height:20px\" aria-hidden=\"true\" class=\"wp-block-spacer\"><\/div>\n\n\n\n<p>&#8220;<strong>ENXOO SP\u00d3\u0141KA Z OGRANICZON\u0104 ODPOWIEDZIALNO\u015aCI\u0104<\/strong> realizuje projekt: \"Wzmocnienie strategii eksportowej Enxoo: plan rozwoju na rynkach zagranicznych\"\u00a0wsp\u00f3\u0142finansowany ze \u015brodk\u00f3w\u00a0Unii Europejskiej w ramach programu Fundusze Europejskie dla Nowoczesnej Gospodarki.<br><br><strong>Cel projektu:<\/strong> Projekt jest inicjatyw\u0105 maj\u0105c\u0105 na celu wzmocnienie potencja\u0142u eksportowego firmy Enxoo poprzez udzia\u0142 w mi\u0119dzynarodowych misjach gospodarczych oraz wystawiennictwo na jednej imprezie targowej, a tak\u017ce promocji tych dzia\u0142a\u0144 kana\u0142ami internetowymi. W ramach projektu firma Enxoo zak\u0142ada aktywne uczestnictwo w wyjazdowych misjach gospodarczych po\u0142\u0105czone z udzia\u0142em w imprezach targowych i konferencjach, a tak\u017ce organizacj\u0119 stoiska wystawienniczego podczas jednego z wydarze\u0144 bran\u017cowych. Firma Enxoo, skupiaj\u0105c si\u0119 na ekspansji mi\u0119dzynarodowej, wyznaczy\u0142a rynki docelowe: USA, Wielk\u0105 Brytani\u0119 i Irlandi\u0119, Zjednoczone Emiraty Arabskie (zw\u0142aszcza Dubai), UE (m.in. Niemcy, Dania, Hiszpania), a tak\u017ce Po\u0142udniow\u0105 Afryk\u0119 (Johannesburg, czy Kapsztad), gdzie planuje promowa\u0107 swoje innowacyjne rozwi\u0105zania telekomunikacyjne w ramach misji wyjazdowych, wystawiennictwa na targach bran\u017cowych oraz opracowania i przeprowadzenia internetowych dzia\u0142a\u0144 marketingowych, w tym kampanii online. Ponadto planowane jest przygotowanie wysokiej jako\u015bci cyfrowych materia\u0142\u00f3w promocyjnych, kt\u00f3re b\u0119d\u0105 wykorzystywane w zwi\u0105zku z zaplanowanymi wydarzeniami targowymi.<br><br><strong>Planowane efekty:<\/strong> Projekt pomo\u017ce w osi\u0105gni\u0119ciu rezultat\u00f3w takich jak: zwi\u0119kszenie widoczno\u015bci marki, rozszerzenie sieci biznesowej, promocja na arenie mi\u0119dzynarodowej, zawarcie nowych kontrakt\u00f3w i zwi\u0119kszenie sprzeda\u017cy.<br><br><strong>Ca\u0142kowita warto\u015b\u0107 projektu:<\/strong> 839,827.98 PLN<br><strong>Warto\u015b\u0107 dofinansowania Unii Europejskiej :<\/strong> 401,120.47 PLN&#8221;<\/p>\n\n\n\n<div style=\"height:30px\" aria-hidden=\"true\" class=\"wp-block-spacer\"><\/div>\n<\/div>\n\n\n\n<hr class=\"wp-block-separator has-alpha-channel-opacity is-style-wide\"\/>\n\n\n\n<div class=\"wp-block-group is-layout-constrained wp-block-group-is-layout-constrained\">\n<div style=\"height:60px\" aria-hidden=\"true\" class=\"wp-block-spacer\"><\/div>\n\n\n\n<p><strong>Zagraniczna promocja marki Enxoo oraz pakietu narz\u0119dzi Enxoo Industry Cloud dzia\u0142aj\u0105cego w oparciu o Salesforce<\/strong>, w ramach poddzia\u0142ania 3.3.3: WSPARCIE M\u015aP W PROMOCJI MAREK PRODUKTOWYCH \u2013 GO TO BRAND Programu Operacyjnego Inteligentny Rozw\u00f3j wsp\u00f3\u0142finansowanego ze \u015brodk\u00f3w Europejskiego Funduszu Rozwoju Regionalnego<\/p>\n\n\n\n<p>Przedmiotem projektu jest promocja marki Enxoo oraz pakietu narz\u0119dzi Enxoo Industry Cloud dzia\u0142aj\u0105cego w oparciu o Salesforce, kt\u00f3ra odbywa\u0142a si\u0119 w ramach bran\u017cowego programu promocji IT\/ICT. Wnioskodawca prowadzi\u0142 dzia\u0142ania na nast\u0119puj\u0105cych rynkach perspektywicznych: Singapur, Zjednoczone Emiraty Arabskie oraz Stany Zjednoczone Ameryki. Zakres projektu obj\u0105\u0142 nast\u0119puj\u0105ce dzia\u0142ania: \u2013 organizacja i udzia\u0142 w 26 misjach wyjazdowych, kt\u00f3re odb\u0119d\u0105 si\u0119 w Wielkiej Brytanii, Szwecji, Niemczech, USA, Singapurze, Zjednoczonych Emiratach Arabskich, Francji, Irlandii i Holandii, \u2013 organizacja i udzia\u0142 w 3 misjach przyjazdowych dla zagranicznych kontrahent\u00f3w, organizowanych na terenie Rzeczypospolitej Polskiej, \u2013 udzia\u0142 w targach w Hanowerze, \u2013 przeprowadzenie dzia\u0142a\u0144 promocyjnych takich, jak: produkcja gad\u017cet\u00f3w reklamowych i materia\u0142\u00f3w drukowanych oraz promocja na AppExchange, LinkedIn i w Google. Realizacja projektu sfinansowana by\u0142a ze \u015brodk\u00f3w w\u0142asnych Wnioskodawcy oraz dotacji uzyskanej w ramach projektu Go to Brand.<\/p>\n\n\n\n<p><strong>Cel projektu:<\/strong>Wnioskodawca osi\u0105gn\u0105\u0142 w ramach projektu nast\u0119puj\u0105cych cel\u00f3w: <\/p>\n\n\n\n<p>wzrost sprzeda\u017cy z eksportu produkt\u00f3w obj\u0119tych projektem 1 400 000 z\u0142, \nwzrost rozpoznawalno\u015bci marki Enxoo oraz pakietu narz\u0119dzi Enxoo Industry Cloud na rynkach zagranicznych oraz wzrost rozpoznawalno\u015bci Marki Polskiej Gospodarki, \nzawarcie 7 nowych kontrakt\u00f3w handlowych na rynkach zagranicznych.<\/p>\n\n\n\n<p>Osi\u0105gni\u0119te w wyniku realizacji projektu cele pozytywnie wp\u0142yn\u0119\u0142y na dzia\u0142alno\u015b\u0107 eksportow\u0105 Wnioskodawcy oraz pozwoli\u0142y na dalszy rozw\u00f3j firmy Wnioskodawcy. Wzrost przychod\u00f3w ze sprzeda\u017cy pozwoli\u0142 na prowadzenie dalszych dzia\u0142a\u0144 zwi\u0105zanych z pozyskiwaniem nowych kontrahent\u00f3w na rynkach zagranicznych. Wnioskodawca mia\u0142 mo\u017cliwo\u015b\u0107 poznania oczekiwa\u0144 odbiorc\u00f3w (aktualnych, nowych, jak i potencjalnych) pakietu narz\u0119dzi Enxoo Industry Cloud oraz wdra\u017cania na ich podstawie nowych rozwi\u0105za\u0144<\/p>\n\n\n\n<p><strong>Warto\u015b\u0107 Projektu:<\/strong>&nbsp;397 000,00 z\u0142 (trzysta dziewi\u0119\u0107dziesi\u0105t siedem tysi\u0119cy z\u0142otych 00\/100 groszy)<br><strong>Wk\u0142ad EFRR:<\/strong>&nbsp;297 750,00 z\u0142 (dwie\u015bcie dziewi\u0119\u0107dziesi\u0105t siedem tysi\u0119cy siedemset pi\u0119\u0107dziesi\u0105t z\u0142otych 00\/100 groszy)<\/p>\n\n\n\n<div style=\"height:50px\" aria-hidden=\"true\" class=\"wp-block-spacer\"><\/div>\n<\/div>","protected":false},"excerpt":{"rendered":"<p>&#8220;ENXOO LIMITED LIABILITY COMPANY is implementing the project: &#8220;Strengthening Enxoo&#8217;s Export Strategy: Development Plan for Foreign Markets&#8221; co-financed by the European Union under the European Funds for a Modern Economy program. Project objective: The project aims to strengthen Enxoo&#8217;s export potential through participation in international economic missions and exhibitions at one trade fair, as well [&hellip;]<\/p>\n","protected":false},"author":8,"featured_media":0,"parent":0,"menu_order":0,"comment_status":"closed","ping_status":"closed","template":"","meta":{"_acf_changed":false,"footnotes":""},"class_list":["post-5668","page","type-page","status-publish","hentry"],"blocksy_meta":{"page_structure_type":"type-3","styles_descriptor":{"styles":{"desktop":"","tablet":"","mobile":""},"google_fonts":[],"version":6}},"acf":[],"yoast_head":"<!-- This site is optimized with the Yoast SEO Premium plugin v27.4 (Yoast SEO v27.4) - https:\/\/yoast.com\/product\/yoast-seo-premium-wordpress\/ -->\n<title>GoToBrand - Enxoo<\/title>\n<meta name=\"robots\" content=\"index, follow, max-snippet:-1, max-image-preview:large, max-video-preview:-1\" \/>\n<link rel=\"canonical\" href=\"https:\/\/enxoo.com\/pl\/gotobrand\/\" \/>\n<meta property=\"og:locale\" content=\"pl_PL\" \/>\n<meta property=\"og:type\" content=\"article\" \/>\n<meta property=\"og:title\" content=\"GoToBrand\" \/>\n<meta property=\"og:description\" content=\"&#8220;ENXOO LIMITED LIABILITY COMPANY is implementing the project: &#8220;Strengthening Enxoo&#8217;s Export Strategy: Development Plan for Foreign Markets&#8221; co-financed by the European Union under the European Funds for a Modern Economy program. Project objective: The project aims to strengthen Enxoo&#8217;s export potential through participation in international economic missions and exhibitions at one trade fair, as well [&hellip;]\" \/>\n<meta property=\"og:url\" content=\"https:\/\/enxoo.com\/pl\/gotobrand\/\" \/>\n<meta property=\"og:site_name\" content=\"Enxoo\" \/>\n<meta property=\"article:publisher\" content=\"https:\/\/www.facebook.com\/EnxooTeam\" \/>\n<meta name=\"twitter:card\" content=\"summary_large_image\" \/>\n<meta name=\"twitter:site\" content=\"@enxooteam\" \/>\n<meta name=\"twitter:label1\" content=\"Szacowany czas czytania\" \/>\n\t<meta name=\"twitter:data1\" content=\"3 minuty\" \/>\n<script type=\"application\/ld+json\" class=\"yoast-schema-graph\">{\"@context\":\"https:\\\/\\\/schema.org\",\"@graph\":[{\"@type\":\"WebPage\",\"@id\":\"https:\\\/\\\/enxoo.com\\\/gotobrand\\\/\",\"url\":\"https:\\\/\\\/enxoo.com\\\/gotobrand\\\/\",\"name\":\"GoToBrand - Enxoo\",\"isPartOf\":{\"@id\":\"https:\\\/\\\/enxoo.com\\\/#website\"},\"datePublished\":\"2024-05-28T06:52:54+00:00\",\"breadcrumb\":{\"@id\":\"https:\\\/\\\/enxoo.com\\\/gotobrand\\\/#breadcrumb\"},\"inLanguage\":\"pl-PL\",\"potentialAction\":[{\"@type\":\"ReadAction\",\"target\":[\"https:\\\/\\\/enxoo.com\\\/gotobrand\\\/\"]}]},{\"@type\":\"BreadcrumbList\",\"@id\":\"https:\\\/\\\/enxoo.com\\\/gotobrand\\\/#breadcrumb\",\"itemListElement\":[{\"@type\":\"ListItem\",\"position\":1,\"name\":\"Home\",\"item\":\"https:\\\/\\\/enxoo.com\\\/\"},{\"@type\":\"ListItem\",\"position\":2,\"name\":\"GoToBrand\"}]},{\"@type\":\"WebSite\",\"@id\":\"https:\\\/\\\/enxoo.com\\\/#website\",\"url\":\"https:\\\/\\\/enxoo.com\\\/\",\"name\":\"Enxoo - your go-to Salesforce Partner for Communications industry\",\"description\":\"Your go-to Salesforce Partner for Communications industry\",\"publisher\":{\"@id\":\"https:\\\/\\\/enxoo.com\\\/#organization\"},\"potentialAction\":[{\"@type\":\"SearchAction\",\"target\":{\"@type\":\"EntryPoint\",\"urlTemplate\":\"https:\\\/\\\/enxoo.com\\\/?s={search_term_string}\"},\"query-input\":{\"@type\":\"PropertyValueSpecification\",\"valueRequired\":true,\"valueName\":\"search_term_string\"}}],\"inLanguage\":\"pl-PL\"},{\"@type\":\"Organization\",\"@id\":\"https:\\\/\\\/enxoo.com\\\/#organization\",\"name\":\"Enxoo\",\"url\":\"https:\\\/\\\/enxoo.com\\\/\",\"logo\":{\"@type\":\"ImageObject\",\"inLanguage\":\"pl-PL\",\"@id\":\"https:\\\/\\\/enxoo.com\\\/#\\\/schema\\\/logo\\\/image\\\/\",\"url\":\"https:\\\/\\\/enxoo.com\\\/wp-content\\\/uploads\\\/2026\\\/01\\\/Enxoo-Logo.png\",\"contentUrl\":\"https:\\\/\\\/enxoo.com\\\/wp-content\\\/uploads\\\/2026\\\/01\\\/Enxoo-Logo.png\",\"width\":361,\"height\":96,\"caption\":\"Enxoo\"},\"image\":{\"@id\":\"https:\\\/\\\/enxoo.com\\\/#\\\/schema\\\/logo\\\/image\\\/\"},\"sameAs\":[\"https:\\\/\\\/www.facebook.com\\\/EnxooTeam\",\"https:\\\/\\\/x.com\\\/enxooteam\",\"https:\\\/\\\/www.linkedin.com\\\/company\\\/enxoo\\\/\"]}]}<\/script>\n<!-- \/ Yoast SEO Premium plugin. -->","yoast_head_json":{"title":"GoToBrand - Enxoo","robots":{"index":"index","follow":"follow","max-snippet":"max-snippet:-1","max-image-preview":"max-image-preview:large","max-video-preview":"max-video-preview:-1"},"canonical":"https:\/\/enxoo.com\/pl\/gotobrand\/","og_locale":"pl_PL","og_type":"article","og_title":"GoToBrand","og_description":"&#8220;ENXOO LIMITED LIABILITY COMPANY is implementing the project: &#8220;Strengthening Enxoo&#8217;s Export Strategy: Development Plan for Foreign Markets&#8221; co-financed by the European Union under the European Funds for a Modern Economy program. Project objective: The project aims to strengthen Enxoo&#8217;s export potential through participation in international economic missions and exhibitions at one trade fair, as well [&hellip;]","og_url":"https:\/\/enxoo.com\/pl\/gotobrand\/","og_site_name":"Enxoo","article_publisher":"https:\/\/www.facebook.com\/EnxooTeam","twitter_card":"summary_large_image","twitter_site":"@enxooteam","twitter_misc":{"Szacowany czas czytania":"3 minuty"},"schema":{"@context":"https:\/\/schema.org","@graph":[{"@type":"WebPage","@id":"https:\/\/enxoo.com\/gotobrand\/","url":"https:\/\/enxoo.com\/gotobrand\/","name":"GoToBrand - Enxoo","isPartOf":{"@id":"https:\/\/enxoo.com\/#website"},"datePublished":"2024-05-28T06:52:54+00:00","breadcrumb":{"@id":"https:\/\/enxoo.com\/gotobrand\/#breadcrumb"},"inLanguage":"pl-PL","potentialAction":[{"@type":"ReadAction","target":["https:\/\/enxoo.com\/gotobrand\/"]}]},{"@type":"BreadcrumbList","@id":"https:\/\/enxoo.com\/gotobrand\/#breadcrumb","itemListElement":[{"@type":"ListItem","position":1,"name":"Home","item":"https:\/\/enxoo.com\/"},{"@type":"ListItem","position":2,"name":"GoToBrand"}]},{"@type":"WebSite","@id":"https:\/\/enxoo.com\/#website","url":"https:\/\/enxoo.com\/","name":"Enxoo - your go-to Salesforce Partner for Communications industry","description":"Your go-to Salesforce Partner for Communications industry","publisher":{"@id":"https:\/\/enxoo.com\/#organization"},"potentialAction":[{"@type":"SearchAction","target":{"@type":"EntryPoint","urlTemplate":"https:\/\/enxoo.com\/?s={search_term_string}"},"query-input":{"@type":"PropertyValueSpecification","valueRequired":true,"valueName":"search_term_string"}}],"inLanguage":"pl-PL"},{"@type":"Organization","@id":"https:\/\/enxoo.com\/#organization","name":"Enxoo","url":"https:\/\/enxoo.com\/","logo":{"@type":"ImageObject","inLanguage":"pl-PL","@id":"https:\/\/enxoo.com\/#\/schema\/logo\/image\/","url":"https:\/\/enxoo.com\/wp-content\/uploads\/2026\/01\/Enxoo-Logo.png","contentUrl":"https:\/\/enxoo.com\/wp-content\/uploads\/2026\/01\/Enxoo-Logo.png","width":361,"height":96,"caption":"Enxoo"},"image":{"@id":"https:\/\/enxoo.com\/#\/schema\/logo\/image\/"},"sameAs":["https:\/\/www.facebook.com\/EnxooTeam","https:\/\/x.com\/enxooteam","https:\/\/www.linkedin.com\/company\/enxoo\/"]}]}},"_links":{"self":[{"href":"https:\/\/enxoo.com\/pl\/wp-json\/wp\/v2\/pages\/5668","targetHints":{"allow":["GET"]}}],"collection":[{"href":"https:\/\/enxoo.com\/pl\/wp-json\/wp\/v2\/pages"}],"about":[{"href":"https:\/\/enxoo.com\/pl\/wp-json\/wp\/v2\/types\/page"}],"author":[{"embeddable":true,"href":"https:\/\/enxoo.com\/pl\/wp-json\/wp\/v2\/users\/8"}],"replies":[{"embeddable":true,"href":"https:\/\/enxoo.com\/pl\/wp-json\/wp\/v2\/comments?post=5668"}],"version-history":[{"count":1,"href":"https:\/\/enxoo.com\/pl\/wp-json\/wp\/v2\/pages\/5668\/revisions"}],"predecessor-version":[{"id":5669,"href":"https:\/\/enxoo.com\/pl\/wp-json\/wp\/v2\/pages\/5668\/revisions\/5669"}],"wp:attachment":[{"href":"https:\/\/enxoo.com\/pl\/wp-json\/wp\/v2\/media?parent=5668"}],"curies":[{"name":"wp","href":"https:\/\/api.w.org\/{rel}","templated":true}]}}