{"id":8578,"date":"2025-02-28T16:25:14","date_gmt":"2025-02-28T15:25:14","guid":{"rendered":"https:\/\/enxoo.com\/?page_id=8578"},"modified":"2025-08-19T17:19:23","modified_gmt":"2025-08-19T15:19:23","slug":"thank-you-for-contact","status":"publish","type":"page","link":"https:\/\/enxoo.com\/pl\/thank-you-for-contact\/","title":{"rendered":"Thank you for contact"},"content":{"rendered":"<div class=\"wp-block-group alignfull has-background is-layout-constrained wp-block-group-is-layout-constrained\" style=\"background-color:#128436\">\n<h2 class=\"wp-block-heading has-palette-color-8-color has-text-color has-link-color has-xx-large-font-size wp-elements-de725a294134b016e844564352a380ec\"><strong>Dzi\u0119kujemy za kontakt z Enxoo!<\/strong><\/h2>\n\n\n\n<div class=\"wp-block-columns is-layout-flex wp-container-core-columns-is-layout-28f84493 wp-block-columns-is-layout-flex\">\n<div class=\"wp-block-column is-layout-flow wp-block-column-is-layout-flow\" style=\"flex-basis:66.66%\">\n<p class=\"has-palette-color-7-color has-text-color has-link-color has-medium-font-size wp-elements-07c03c053899fd3a8b59ab3c5928e274 translation-block\">Doceniamy Twoje zainteresowanie wsp\u00f3\u0142prac\u0105 z nami w celu osi\u0105gni\u0119cia cel\u00f3w biznesowych. Otrzymali\u015bmy Twoj\u0105 wiadomo\u015b\u0107 i ju\u017c nie mo\u017cemy si\u0119 doczeka\u0107 rozpocz\u0119cia naszej wsp\u00f3lnej podr\u00f3\u017cy! \ud83c\udf89<\/p>\n<\/div>\n\n\n\n<div class=\"wp-block-column is-layout-flow wp-block-column-is-layout-flow\"><\/div>\n\n\n\n<div class=\"wp-block-column is-layout-flow wp-block-column-is-layout-flow\" style=\"flex-basis:33.33%\"><\/div>\n<\/div>\n\n\n\n<div style=\"height:10px\" aria-hidden=\"true\" class=\"wp-block-spacer\"><\/div>\n<\/div>\n\n\n\n<div class=\"wp-block-group alignfull has-palette-color-7-background-color has-background is-layout-constrained wp-block-group-is-layout-constrained\">\n<div class=\"wp-block-columns is-layout-flex wp-container-core-columns-is-layout-28f84493 wp-block-columns-is-layout-flex\">\n<div class=\"wp-block-column is-layout-flow wp-block-column-is-layout-flow\" style=\"flex-basis:66.66%\">\n<div style=\"height:10px\" aria-hidden=\"true\" class=\"wp-block-spacer\"><\/div>\n\n\n\n<p class=\"has-palette-color-1-color has-text-color has-link-color has-large-font-size wp-elements-059a651a6b73964ce5a1580f329d7f2a\"><strong>Oto, czego mo\u017cesz si\u0119 spodziewa\u0107 dalej:<\/strong><\/p>\n<\/div>\n\n\n\n<div class=\"wp-block-column is-layout-flow wp-block-column-is-layout-flow\"><\/div>\n\n\n\n<div class=\"wp-block-column is-layout-flow wp-block-column-is-layout-flow\" style=\"flex-basis:33.33%\"><\/div>\n<\/div>\n\n\n\n<div style=\"height:10px\" aria-hidden=\"true\" class=\"wp-block-spacer\"><\/div>\n\n\n\n<div class=\"wp-block-columns has-palette-color-8-color has-text-color has-link-color wp-elements-f85492cb5a5cb6a56b3b98cf83bd7991 is-layout-flex wp-container-core-columns-is-layout-28f84493 wp-block-columns-is-layout-flex\">\n<div class=\"wp-block-column container-arrow-right is-layout-flow wp-block-column-is-layout-flow\">\n<div class=\"wp-block-group is-content-justification-center is-nowrap is-layout-flex wp-container-core-group-is-layout-23441af8 wp-block-group-is-layout-flex\">\n<figure class=\"wp-block-image aligncenter size-full is-resized wp-duotone-000000-var--theme-palette-color-11f2043-1\"><img loading=\"lazy\" decoding=\"async\" width=\"174\" height=\"174\" src=\"https:\/\/webdev.enxoo.com\/wp-content\/uploads\/2023\/12\/enxoo-icon-certificate.png\" alt=\"\" class=\"wp-image-1669\" style=\"width:auto;height:100px\" srcset=\"https:\/\/enxoo.com\/wp-content\/uploads\/2023\/12\/enxoo-icon-certificate.png 174w, https:\/\/enxoo.com\/wp-content\/uploads\/2023\/12\/enxoo-icon-certificate-150x150.png 150w\" sizes=\"auto, (max-width: 174px) 100vw, 174px\" \/><\/figure>\n\n\n\n<figure class=\"wp-block-image size-full is-resized arrow-right wp-duotone-000000-var--theme-palette-color-11f2043-2\"><img loading=\"lazy\" decoding=\"async\" width=\"981\" height=\"809\" src=\"https:\/\/enxoo.com\/wp-content\/uploads\/2023\/12\/enxoo-icon-right-arrow-white.png\" alt=\"\" class=\"wp-image-842\" style=\"width:47px\" srcset=\"https:\/\/enxoo.com\/wp-content\/uploads\/2023\/12\/enxoo-icon-right-arrow-white.png 981w, https:\/\/enxoo.com\/wp-content\/uploads\/2023\/12\/enxoo-icon-right-arrow-white-300x247.png 300w, https:\/\/enxoo.com\/wp-content\/uploads\/2023\/12\/enxoo-icon-right-arrow-white-768x633.png 768w\" sizes=\"auto, (max-width: 981px) 100vw, 981px\" \/><\/figure>\n<\/div>\n\n\n\n<h4 class=\"wp-block-heading has-text-align-center has-palette-color-1-color has-text-color has-link-color wp-elements-4941c02ccfb8a21c04a269b02d5b1cb3 translation-block\" id=\"h-1-email-confirmation\">1. Potwierdzenie<br> E-mail<\/h4>\n\n\n\n<p class=\"has-text-align-left has-palette-color-1-color has-text-color has-link-color wp-elements-9d3577c9ef4fae7f023fd29cfa89e307\">Mailowo potwierdzimy wys\u0142anie Twojego zapytania. Zapoznaj si\u0119 z zasobami Enxoo, podczas gdy my przygotowujemy Twoj\u0105 konsultacj\u0119.<\/p>\n<\/div>\n\n\n\n<div class=\"wp-block-column container-arrow-right is-layout-flow wp-block-column-is-layout-flow\">\n<div class=\"wp-block-group is-content-justification-center is-nowrap is-layout-flex wp-container-core-group-is-layout-23441af8 wp-block-group-is-layout-flex\">\n<figure class=\"wp-block-image aligncenter size-full is-resized wp-duotone-000000-var--theme-palette-color-11f2043-3\"><img loading=\"lazy\" decoding=\"async\" width=\"165\" height=\"150\" src=\"https:\/\/enxoo.com\/wp-content\/uploads\/2023\/12\/enxoo-icon-services-cloud.png\" alt=\"\" class=\"wp-image-1691\" style=\"width:auto;height:100px\"\/><\/figure>\n\n\n\n<figure class=\"wp-block-image size-full is-resized arrow-right wp-duotone-000000-var--theme-palette-color-11f2043-4\"><img loading=\"lazy\" decoding=\"async\" width=\"981\" height=\"809\" src=\"https:\/\/enxoo.com\/wp-content\/uploads\/2023\/12\/enxoo-icon-right-arrow-white.png\" alt=\"\" class=\"wp-image-842\" style=\"width:47px\" srcset=\"https:\/\/enxoo.com\/wp-content\/uploads\/2023\/12\/enxoo-icon-right-arrow-white.png 981w, https:\/\/enxoo.com\/wp-content\/uploads\/2023\/12\/enxoo-icon-right-arrow-white-300x247.png 300w, https:\/\/enxoo.com\/wp-content\/uploads\/2023\/12\/enxoo-icon-right-arrow-white-768x633.png 768w\" sizes=\"auto, (max-width: 981px) 100vw, 981px\" \/><\/figure>\n<\/div>\n\n\n\n<h4 class=\"wp-block-heading has-text-align-center has-palette-color-1-color has-text-color has-link-color wp-elements-052e8fcb6be3502486b711852dbd04c8 translation-block\" id=\"h-2-callback-from-our-team\">2. Oddzwonienie od<br> naszego zespo\u0142u<\/h4>\n\n\n\n<p class=\"has-text-align-left has-palette-color-1-color has-text-color has-link-color wp-elements-b6f225a38f70330f76898eaeb8b1353c\">Przedstawiciel ds. sprzeda\u017cy skontaktuje si\u0119 z Tob\u0105, aby zaplanowa\u0107 szczeg\u00f3\u0142ow\u0105 konsultacj\u0119.<\/p>\n<\/div>\n\n\n\n<div class=\"wp-block-column container-arrow-right is-layout-flow wp-block-column-is-layout-flow\">\n<div class=\"wp-block-group is-content-justification-center is-nowrap is-layout-flex wp-container-core-group-is-layout-23441af8 wp-block-group-is-layout-flex\">\n<figure class=\"wp-block-image aligncenter size-full is-resized wp-duotone-000000-var--theme-palette-color-11f2043-5\"><img loading=\"lazy\" decoding=\"async\" width=\"154\" height=\"151\" src=\"https:\/\/enxoo.com\/wp-content\/uploads\/2023\/12\/enxoo-icon-communications-cloud.png\" alt=\"\" class=\"wp-image-1686\" style=\"width:auto;height:100px\"\/><\/figure>\n\n\n\n<figure class=\"wp-block-image size-full is-resized arrow-right wp-duotone-000000-var--theme-palette-color-11f2043-6\"><img loading=\"lazy\" decoding=\"async\" width=\"981\" height=\"809\" src=\"https:\/\/enxoo.com\/wp-content\/uploads\/2023\/12\/enxoo-icon-right-arrow-white.png\" alt=\"\" class=\"wp-image-842\" style=\"width:47px\" srcset=\"https:\/\/enxoo.com\/wp-content\/uploads\/2023\/12\/enxoo-icon-right-arrow-white.png 981w, https:\/\/enxoo.com\/wp-content\/uploads\/2023\/12\/enxoo-icon-right-arrow-white-300x247.png 300w, https:\/\/enxoo.com\/wp-content\/uploads\/2023\/12\/enxoo-icon-right-arrow-white-768x633.png 768w\" sizes=\"auto, (max-width: 981px) 100vw, 981px\" \/><\/figure>\n<\/div>\n\n\n\n<h4 class=\"wp-block-heading has-text-align-center has-palette-color-1-color has-text-color has-link-color wp-elements-a410fc84b66755dd91b882551e704e64 translation-block\" id=\"h-3-discovery-call-with-our-expert\">3. Rozmowa wst\u0119pna<br> z naszym ekspertem<\/h4>\n\n\n\n<p class=\"has-text-align-left has-palette-color-1-color has-text-color has-link-color wp-elements-b8308b08eb456afb096a8af0c6199058\">Nasz ekspert zag\u0142\u0119bi si\u0119 w Twoje konkretne wyzwania i mo\u017cliwo\u015bci, aby nakre\u015bli\u0107 potencjalne rozwi\u0105zania.<\/p>\n<\/div>\n\n\n\n<div class=\"wp-block-column is-layout-flow wp-block-column-is-layout-flow\">\n<figure class=\"wp-block-image aligncenter size-full is-resized wp-duotone-000000-var--theme-palette-color-11f2043-7\"><img loading=\"lazy\" decoding=\"async\" width=\"150\" height=\"150\" src=\"https:\/\/enxoo.com\/wp-content\/uploads\/2023\/12\/enxoo-icon-sales-cloud.png\" alt=\"\" class=\"wp-image-1690\" style=\"width:auto;height:100px\"\/><\/figure>\n\n\n\n<h4 class=\"wp-block-heading has-text-align-center has-palette-color-1-color has-text-color has-link-color wp-elements-96721a49f59ae8ab5d419b9c9d919b14 translation-block\" id=\"h-4-preliminary-project-offer\">4. Wst\u0119pna<br> oferta projektu<\/h4>\n\n\n\n<p class=\"has-text-align-left has-palette-color-1-color has-text-color has-link-color wp-elements-ec73ecb44d35c845fd3587c895d3e1ad\">Po rozmowie wst\u0119pnej otrzymasz wst\u0119pny zarys projektu oparty na naszej dyskusji. <\/p>\n<\/div>\n<\/div>\n\n\n\n<div style=\"height:10px\" aria-hidden=\"true\" class=\"wp-block-spacer\"><\/div>\n\n\n\n<div class=\"wp-block-columns is-layout-flex wp-container-core-columns-is-layout-28f84493 wp-block-columns-is-layout-flex\">\n<div class=\"wp-block-column is-layout-flow wp-block-column-is-layout-flow\">\n<div class=\"wp-block-buttons is-content-justification-left is-layout-flex wp-container-core-buttons-is-layout-fc4fd283 wp-block-buttons-is-layout-flex\">\n<div class=\"wp-block-button has-custom-width wp-block-button__width-100 is-style-outline is-style-outline--8\"><a class=\"wp-block-button__link has-black-color has-palette-color-3-background-color has-text-color has-background has-link-color has-border-color has-palette-color-3-border-color wp-element-button\" href=\"https:\/\/enxoo.com\/pl\/\" style=\"border-width:2px;border-radius:6px\"><strong>POWR\u00d3T DO STRONY G\u0141\u00d3WNEJ<\/strong><strong style=\"font-family: var(--theme-button-font-family, var(--theme-font-family)); font-size: var(--theme-button-font-size); font-style: var(--theme-button-font-style); letter-spacing: var(--theme-button-letter-spacing); text-transform: var(--theme-button-text-transform); display: inline !important;\"><\/strong><\/a><\/div>\n<\/div>\n<\/div>\n\n\n\n<div class=\"wp-block-column is-layout-flow wp-block-column-is-layout-flow\"><\/div>\n\n\n\n<div class=\"wp-block-column is-layout-flow wp-block-column-is-layout-flow\"><\/div>\n<\/div>\n\n\n\n<div style=\"height:30px\" aria-hidden=\"true\" class=\"wp-block-spacer\"><\/div>\n<\/div>\n\n\n\n<p><\/p>\n\n\n\n<script type=\"text\/javascript\">\n  if (typeof window.lintrk === \"function\") {\n    window.lintrk('track', { conversion_id: 22802274 });\n  } else {\n    \/\/ Retry after a short delay in case the script is still loading\n    setTimeout(function() {\n      if (typeof window.lintrk === \"function\") {\n        window.lintrk('track', { conversion_id: 22802274 });\n      }\n    }, 500);\n  }\n<\/script>","protected":false},"excerpt":{"rendered":"<p>Thank you for contacting Enxoo! We appreciate your interest in partnering with us to achieve your business objectives. Your message has been received, and we&#8217;re excited to begin this journey with you! \ud83c\udf89 Here\u2019s What You Can Expect Next: 1. Email Confirmation Your inquiry is confirmed. Explore Enxoo&#8217;s resources while we prepare your consultation. 2. [&hellip;]<\/p>\n","protected":false},"author":8,"featured_media":0,"parent":0,"menu_order":0,"comment_status":"closed","ping_status":"closed","template":"","meta":{"_acf_changed":false,"footnotes":""},"class_list":["post-8578","page","type-page","status-publish","hentry"],"blocksy_meta":[],"acf":[],"yoast_head":"<!-- This site is optimized with the Yoast SEO Premium plugin v27.4 (Yoast SEO v27.4) - https:\/\/yoast.com\/product\/yoast-seo-premium-wordpress\/ -->\n<title>Thank you for contact - Enxoo<\/title>\n<meta name=\"robots\" content=\"index, follow, max-snippet:-1, max-image-preview:large, max-video-preview:-1\" \/>\n<link rel=\"canonical\" href=\"https:\/\/enxoo.com\/pl\/thank-you-for-contact\/\" \/>\n<meta property=\"og:locale\" content=\"pl_PL\" \/>\n<meta property=\"og:type\" content=\"article\" \/>\n<meta property=\"og:title\" content=\"Thank you for contact\" \/>\n<meta property=\"og:description\" content=\"Thank you for contacting Enxoo! We appreciate your interest in partnering with us to achieve your business objectives. Your message has been received, and we&#8217;re excited to begin this journey with you! \ud83c\udf89 Here\u2019s What You Can Expect Next: 1. Email Confirmation Your inquiry is confirmed. Explore Enxoo&#8217;s resources while we prepare your consultation. 2. [&hellip;]\" \/>\n<meta property=\"og:url\" content=\"https:\/\/enxoo.com\/pl\/thank-you-for-contact\/\" \/>\n<meta property=\"og:site_name\" content=\"Enxoo\" \/>\n<meta property=\"article:publisher\" content=\"https:\/\/www.facebook.com\/EnxooTeam\" \/>\n<meta property=\"article:modified_time\" content=\"2025-08-19T15:19:23+00:00\" \/>\n<meta property=\"og:image\" content=\"https:\/\/enxoo.com\/wp-content\/uploads\/2023\/12\/enxoo-icon-certificate.png\" \/>\n\t<meta property=\"og:image:width\" content=\"174\" \/>\n\t<meta property=\"og:image:height\" content=\"174\" \/>\n\t<meta property=\"og:image:type\" content=\"image\/png\" \/>\n<meta name=\"twitter:card\" content=\"summary_large_image\" \/>\n<meta name=\"twitter:site\" content=\"@enxooteam\" \/>\n<meta name=\"twitter:label1\" content=\"Szacowany czas czytania\" \/>\n\t<meta name=\"twitter:data1\" content=\"2 minuty\" \/>\n<script type=\"application\/ld+json\" class=\"yoast-schema-graph\">{\"@context\":\"https:\\\/\\\/schema.org\",\"@graph\":[{\"@type\":\"WebPage\",\"@id\":\"https:\\\/\\\/enxoo.com\\\/thank-you-for-contact\\\/\",\"url\":\"https:\\\/\\\/enxoo.com\\\/thank-you-for-contact\\\/\",\"name\":\"Thank you for contact - Enxoo\",\"isPartOf\":{\"@id\":\"https:\\\/\\\/enxoo.com\\\/#website\"},\"primaryImageOfPage\":{\"@id\":\"https:\\\/\\\/enxoo.com\\\/thank-you-for-contact\\\/#primaryimage\"},\"image\":{\"@id\":\"https:\\\/\\\/enxoo.com\\\/thank-you-for-contact\\\/#primaryimage\"},\"thumbnailUrl\":\"https:\\\/\\\/webdev.enxoo.com\\\/wp-content\\\/uploads\\\/2023\\\/12\\\/enxoo-icon-certificate.png\",\"datePublished\":\"2025-02-28T15:25:14+00:00\",\"dateModified\":\"2025-08-19T15:19:23+00:00\",\"breadcrumb\":{\"@id\":\"https:\\\/\\\/enxoo.com\\\/thank-you-for-contact\\\/#breadcrumb\"},\"inLanguage\":\"pl-PL\",\"potentialAction\":[{\"@type\":\"ReadAction\",\"target\":[\"https:\\\/\\\/enxoo.com\\\/thank-you-for-contact\\\/\"]}]},{\"@type\":\"ImageObject\",\"inLanguage\":\"pl-PL\",\"@id\":\"https:\\\/\\\/enxoo.com\\\/thank-you-for-contact\\\/#primaryimage\",\"url\":\"https:\\\/\\\/webdev.enxoo.com\\\/wp-content\\\/uploads\\\/2023\\\/12\\\/enxoo-icon-certificate.png\",\"contentUrl\":\"https:\\\/\\\/webdev.enxoo.com\\\/wp-content\\\/uploads\\\/2023\\\/12\\\/enxoo-icon-certificate.png\"},{\"@type\":\"BreadcrumbList\",\"@id\":\"https:\\\/\\\/enxoo.com\\\/thank-you-for-contact\\\/#breadcrumb\",\"itemListElement\":[{\"@type\":\"ListItem\",\"position\":1,\"name\":\"Home\",\"item\":\"https:\\\/\\\/enxoo.com\\\/\"},{\"@type\":\"ListItem\",\"position\":2,\"name\":\"Thank you for contact\"}]},{\"@type\":\"WebSite\",\"@id\":\"https:\\\/\\\/enxoo.com\\\/#website\",\"url\":\"https:\\\/\\\/enxoo.com\\\/\",\"name\":\"Enxoo - your go-to Salesforce Partner for Communications industry\",\"description\":\"Your go-to Salesforce Partner for Communications industry\",\"publisher\":{\"@id\":\"https:\\\/\\\/enxoo.com\\\/#organization\"},\"potentialAction\":[{\"@type\":\"SearchAction\",\"target\":{\"@type\":\"EntryPoint\",\"urlTemplate\":\"https:\\\/\\\/enxoo.com\\\/?s={search_term_string}\"},\"query-input\":{\"@type\":\"PropertyValueSpecification\",\"valueRequired\":true,\"valueName\":\"search_term_string\"}}],\"inLanguage\":\"pl-PL\"},{\"@type\":\"Organization\",\"@id\":\"https:\\\/\\\/enxoo.com\\\/#organization\",\"name\":\"Enxoo\",\"url\":\"https:\\\/\\\/enxoo.com\\\/\",\"logo\":{\"@type\":\"ImageObject\",\"inLanguage\":\"pl-PL\",\"@id\":\"https:\\\/\\\/enxoo.com\\\/#\\\/schema\\\/logo\\\/image\\\/\",\"url\":\"https:\\\/\\\/enxoo.com\\\/wp-content\\\/uploads\\\/2026\\\/01\\\/Enxoo-Logo.png\",\"contentUrl\":\"https:\\\/\\\/enxoo.com\\\/wp-content\\\/uploads\\\/2026\\\/01\\\/Enxoo-Logo.png\",\"width\":361,\"height\":96,\"caption\":\"Enxoo\"},\"image\":{\"@id\":\"https:\\\/\\\/enxoo.com\\\/#\\\/schema\\\/logo\\\/image\\\/\"},\"sameAs\":[\"https:\\\/\\\/www.facebook.com\\\/EnxooTeam\",\"https:\\\/\\\/x.com\\\/enxooteam\",\"https:\\\/\\\/www.linkedin.com\\\/company\\\/enxoo\\\/\"]}]}<\/script>\n<!-- \/ Yoast SEO Premium plugin. -->","yoast_head_json":{"title":"Thank you for contact - Enxoo","robots":{"index":"index","follow":"follow","max-snippet":"max-snippet:-1","max-image-preview":"max-image-preview:large","max-video-preview":"max-video-preview:-1"},"canonical":"https:\/\/enxoo.com\/pl\/thank-you-for-contact\/","og_locale":"pl_PL","og_type":"article","og_title":"Thank you for contact","og_description":"Thank you for contacting Enxoo! We appreciate your interest in partnering with us to achieve your business objectives. Your message has been received, and we&#8217;re excited to begin this journey with you! \ud83c\udf89 Here\u2019s What You Can Expect Next: 1. Email Confirmation Your inquiry is confirmed. Explore Enxoo&#8217;s resources while we prepare your consultation. 2. [&hellip;]","og_url":"https:\/\/enxoo.com\/pl\/thank-you-for-contact\/","og_site_name":"Enxoo","article_publisher":"https:\/\/www.facebook.com\/EnxooTeam","article_modified_time":"2025-08-19T15:19:23+00:00","og_image":[{"width":174,"height":174,"url":"https:\/\/enxoo.com\/wp-content\/uploads\/2023\/12\/enxoo-icon-certificate.png","type":"image\/png"}],"twitter_card":"summary_large_image","twitter_site":"@enxooteam","twitter_misc":{"Szacowany czas czytania":"2 minuty"},"schema":{"@context":"https:\/\/schema.org","@graph":[{"@type":"WebPage","@id":"https:\/\/enxoo.com\/thank-you-for-contact\/","url":"https:\/\/enxoo.com\/thank-you-for-contact\/","name":"Thank you for contact - Enxoo","isPartOf":{"@id":"https:\/\/enxoo.com\/#website"},"primaryImageOfPage":{"@id":"https:\/\/enxoo.com\/thank-you-for-contact\/#primaryimage"},"image":{"@id":"https:\/\/enxoo.com\/thank-you-for-contact\/#primaryimage"},"thumbnailUrl":"https:\/\/webdev.enxoo.com\/wp-content\/uploads\/2023\/12\/enxoo-icon-certificate.png","datePublished":"2025-02-28T15:25:14+00:00","dateModified":"2025-08-19T15:19:23+00:00","breadcrumb":{"@id":"https:\/\/enxoo.com\/thank-you-for-contact\/#breadcrumb"},"inLanguage":"pl-PL","potentialAction":[{"@type":"ReadAction","target":["https:\/\/enxoo.com\/thank-you-for-contact\/"]}]},{"@type":"ImageObject","inLanguage":"pl-PL","@id":"https:\/\/enxoo.com\/thank-you-for-contact\/#primaryimage","url":"https:\/\/webdev.enxoo.com\/wp-content\/uploads\/2023\/12\/enxoo-icon-certificate.png","contentUrl":"https:\/\/webdev.enxoo.com\/wp-content\/uploads\/2023\/12\/enxoo-icon-certificate.png"},{"@type":"BreadcrumbList","@id":"https:\/\/enxoo.com\/thank-you-for-contact\/#breadcrumb","itemListElement":[{"@type":"ListItem","position":1,"name":"Home","item":"https:\/\/enxoo.com\/"},{"@type":"ListItem","position":2,"name":"Thank you for contact"}]},{"@type":"WebSite","@id":"https:\/\/enxoo.com\/#website","url":"https:\/\/enxoo.com\/","name":"Enxoo - your go-to Salesforce Partner for Communications industry","description":"Your go-to Salesforce Partner for Communications industry","publisher":{"@id":"https:\/\/enxoo.com\/#organization"},"potentialAction":[{"@type":"SearchAction","target":{"@type":"EntryPoint","urlTemplate":"https:\/\/enxoo.com\/?s={search_term_string}"},"query-input":{"@type":"PropertyValueSpecification","valueRequired":true,"valueName":"search_term_string"}}],"inLanguage":"pl-PL"},{"@type":"Organization","@id":"https:\/\/enxoo.com\/#organization","name":"Enxoo","url":"https:\/\/enxoo.com\/","logo":{"@type":"ImageObject","inLanguage":"pl-PL","@id":"https:\/\/enxoo.com\/#\/schema\/logo\/image\/","url":"https:\/\/enxoo.com\/wp-content\/uploads\/2026\/01\/Enxoo-Logo.png","contentUrl":"https:\/\/enxoo.com\/wp-content\/uploads\/2026\/01\/Enxoo-Logo.png","width":361,"height":96,"caption":"Enxoo"},"image":{"@id":"https:\/\/enxoo.com\/#\/schema\/logo\/image\/"},"sameAs":["https:\/\/www.facebook.com\/EnxooTeam","https:\/\/x.com\/enxooteam","https:\/\/www.linkedin.com\/company\/enxoo\/"]}]}},"_links":{"self":[{"href":"https:\/\/enxoo.com\/pl\/wp-json\/wp\/v2\/pages\/8578","targetHints":{"allow":["GET"]}}],"collection":[{"href":"https:\/\/enxoo.com\/pl\/wp-json\/wp\/v2\/pages"}],"about":[{"href":"https:\/\/enxoo.com\/pl\/wp-json\/wp\/v2\/types\/page"}],"author":[{"embeddable":true,"href":"https:\/\/enxoo.com\/pl\/wp-json\/wp\/v2\/users\/8"}],"replies":[{"embeddable":true,"href":"https:\/\/enxoo.com\/pl\/wp-json\/wp\/v2\/comments?post=8578"}],"version-history":[{"count":2,"href":"https:\/\/enxoo.com\/pl\/wp-json\/wp\/v2\/pages\/8578\/revisions"}],"predecessor-version":[{"id":10372,"href":"https:\/\/enxoo.com\/pl\/wp-json\/wp\/v2\/pages\/8578\/revisions\/10372"}],"wp:attachment":[{"href":"https:\/\/enxoo.com\/pl\/wp-json\/wp\/v2\/media?parent=8578"}],"curies":[{"name":"wp","href":"https:\/\/api.w.org\/{rel}","templated":true}]}}